{"id":10621,"date":"2026-03-07T16:05:15","date_gmt":"2026-03-07T15:05:15","guid":{"rendered":"https:\/\/www.nexano.ch\/?page_id=10621"},"modified":"2026-03-07T16:14:43","modified_gmt":"2026-03-07T15:14:43","slug":"im-detail-zins-check-berechnung","status":"publish","type":"page","link":"https:\/\/www.nexano.ch\/de\/im-detail-zins-check-berechnung\/","title":{"rendered":"Im Detail: Zins-Check Berechnung"},"content":{"rendered":"\t\t<div data-elementor-type=\"wp-page\" data-elementor-id=\"10621\" class=\"elementor elementor-10621\">\n\t\t\t\t<div class=\" elementor-element elementor-element-860570f e-flex e-con-boxed section-light e-con e-parent\" data-id=\"860570f\" data-element_type=\"container\" data-e-type=\"container\">\n\t\t\t\t\t<div class=\"e-con-inner\">\n\t\t<div class=\" elementor-element elementor-element-80da3bb e-con-full e-flex section-light e-con e-child\" data-id=\"80da3bb\" data-element_type=\"container\" data-e-type=\"container\" data-settings=\"{&quot;background_background&quot;:&quot;classic&quot;}\">\n\t\t<div class=\"entrance-animation  elementor-element elementor-element-e6076a2 e-con-full e-flex section-light e-con e-child\" data-anime=\"{&quot;duration&quot;:600,&quot;delay&quot;:100,&quot;staggervalue&quot;:300,&quot;easing&quot;:&quot;easeOutQuad&quot;,&quot;targets&quot;:&quot;.elementor-element-e6076a2.entrance-animation&gt; .e-child,.elementor-element-e6076a2.entrance-animation&gt; .e-con-inner &gt; .e-con-full.e-child,.elementor-element-e6076a2.entrance-animation&gt; .elementor-widget,.elementor-element-e6076a2.entrance-animation&gt; .e-con-inner &gt; .elementor-widget&quot;,&quot;opacity&quot;:[0,1],&quot;translateY&quot;:[30,0]}\" data-id=\"e6076a2\" data-element_type=\"container\" data-e-type=\"container\">\n\t\t\t\t<div class=\"elementor-element elementor-element-10942b1 elementor-widget__width-initial elementor-widget elementor-widget-crafto-heading\" data-id=\"10942b1\" data-element_type=\"widget\" data-e-type=\"widget\" data-widget_type=\"crafto-heading.default\">\n\t\t\t\t<div class=\"elementor-widget-container\">\n\t\t\t\t\t<span class=\"crafto-heading\"><span class=\"crafto-primary-title\">Wissenswertes zum Zahlensalat<\/span><\/span>\t\t\t\t<\/div>\n\t\t\t\t<\/div>\n\t\t\t\t<div class=\"elementor-element elementor-element-9263713 elementor-widget elementor-widget-crafto-heading\" data-id=\"9263713\" data-element_type=\"widget\" data-e-type=\"widget\" data-widget_type=\"crafto-heading.default\">\n\t\t\t\t<div class=\"elementor-widget-container\">\n\t\t\t\t\t<h2 class=\"crafto-heading\"><span class=\"crafto-primary-title\">Zins-Check Berechnung<\/span><\/h2>\t\t\t\t<\/div>\n\t\t\t\t<\/div>\n\t\t\t\t<\/div>\n\t\t<div class=\"entrance-animation  elementor-element elementor-element-fc6ce90 e-con-full e-flex section-light e-con e-child\" data-anime=\"{&quot;duration&quot;:600,&quot;delay&quot;:500,&quot;staggervalue&quot;:300,&quot;easing&quot;:&quot;easeOutQuad&quot;,&quot;opacity&quot;:[0,1],&quot;translateY&quot;:[30,0]}\" data-id=\"fc6ce90\" data-element_type=\"container\" data-e-type=\"container\">\n\t\t\t\t<div class=\"elementor-element elementor-element-d150e34 elementor-widget elementor-widget-crafto-text-editor\" data-id=\"d150e34\" data-element_type=\"widget\" data-e-type=\"widget\" data-widget_type=\"crafto-text-editor.default\">\n\t\t\t\t<div class=\"elementor-widget-container\">\n\t\t\t\t\t\t\t\t<div class=\"text-editor\">\n\t\t\t\t<div class=\"text-editor-content\">\n\t\t\t\t\t<p>Wir bei Nexano zerbrechen uns t\u00e4glich dar\u00fcber den Kopf, wie wir aus unserem Zahlensalat n\u00fctzliche Daten f\u00fcr unsere Besucherinnen und Besucher aufbereiten k\u00f6nnen. Bei vielen unserer Finanz-Vergleiche blenden wir einen \"Zins-Check\" ein. Diese Daten berechnen wir wie folgt:<\/p><ul><li><b data-path-to-node=\"5,2,0,0\" data-index-in-node=\"0\"><img decoding=\"async\" class=\"alignnone size-full wp-image-10616\" src=\"https:\/\/www.nexano.ch\/wp-content\/uploads\/2026\/03\/sonnig.png\" alt=\"sonnig\" width=\"32\" height=\"32\" \/><\/b> Nennt den aktuell vorteilhaftesten Zinssatz aller Anbieter im Vergleich.<\/li><li><b data-path-to-node=\"5,2,1,0\" data-index-in-node=\"0\"><img decoding=\"async\" class=\"alignnone size-full wp-image-10617\" src=\"https:\/\/www.nexano.ch\/wp-content\/uploads\/2026\/03\/wolkig.png\" alt=\"wolkig\" width=\"32\" height=\"32\" \/><\/b> Nennt den aktuellen Durchschnitts-Zinssatz aller Anbieter im Vergleich.<\/li><li><img decoding=\"async\" class=\"alignnone size-full wp-image-10615\" src=\"https:\/\/www.nexano.ch\/wp-content\/uploads\/2026\/03\/regnerisch.png\" alt=\"regnerisch\" width=\"32\" height=\"32\" \/> Nennt den aktuell unvorteilhaftesten Zinssatz aller Anbieter im Vergleich.<\/li><li><img loading=\"lazy\" decoding=\"async\" class=\"alignnone size-full wp-image-10614\" src=\"https:\/\/www.nexano.ch\/wp-content\/uploads\/2026\/03\/datum.png\" alt=\"datum\" width=\"32\" height=\"32\" \/> Datum der Datengrundlage.<\/li><\/ul><p><strong>Beachte:<\/strong> Alle Angaben sind ohne Gew\u00e4hr. Der Zins-Check dient lediglich der Veranschaulichung der aktuellen Marktentwicklung und stellt keine Finanzberatung dar. Bei Hypotheken k\u00f6nnen die effektiven Zinss\u00e4tze aufgrund individueller Faktoren abweichen (Tragbarkeit, Belehnung, Bonit\u00e4t etc.).<\/p>\t\t\t\t<\/div>\n\t\t\t<\/div>\n\t\t\t\t\t\t\t<\/div>\n\t\t\t\t<\/div>\n\t\t\t\t<\/div>\n\t\t\t\t<\/div>\n\t\t\t\t\t<\/div>\n\t\t\t\t<\/div>\n\t\t<div class=\" elementor-element elementor-element-05732e8 e-flex e-con-boxed section-light e-con e-parent\" data-id=\"05732e8\" data-element_type=\"container\" data-e-type=\"container\">\n\t\t\t\t\t<div class=\"e-con-inner\">\n\t\t\t\t<div data-bottom-top=\"transform: translateY(-80px)\" data-top-bottom=\"transform: translateY(80px)\" class=\"elementor-element elementor-element-6281190 elementor-absolute elementor-widget elementor-widget-crafto-image\" data-id=\"6281190\" data-element_type=\"widget\" data-e-type=\"widget\" data-settings=\"{&quot;_position&quot;:&quot;absolute&quot;}\" data-widget_type=\"crafto-image.default\">\n\t\t\t\t<div class=\"elementor-widget-container\">\n\t\t\t\t\t\t\t\t<div class=\"crafto-image-wrapper\">\n\t\t\t\t\t\t\t\t<div class=\"image-box\">\n\t\t\t\t\t<div class=\"image-wrapper\">\n\t\t\t\t\t\t<img loading=\"lazy\" decoding=\"async\" width=\"350\" height=\"350\" src=\"https:\/\/www.nexano.ch\/wp-content\/uploads\/2026\/01\/demo-web-agency-people-02.png\" class=\"elementor-animation-\" alt=\"demo-web-agency-people-02.png\" \/>\t\t\t\t\t<\/div>\n\t\t\t\t<\/div>\n\t\t\t\t\t\t\t<\/div>\n\t\t\t\t\t\t\t<\/div>\n\t\t\t\t<\/div>\n\t\t<div class=\" elementor-element elementor-element-a76ab36 e-con-full e-flex section-light e-con e-child\" data-id=\"a76ab36\" data-element_type=\"container\" data-e-type=\"container\">\n\t\t<div class=\" elementor-element elementor-element-9a851ab e-con-full e-flex section-light e-con e-child\" data-id=\"9a851ab\" data-element_type=\"container\" data-e-type=\"container\">\n\t\t\t\t<div class=\"elementor-element elementor-element-9ea2fd3 elementor-widget elementor-widget-crafto-image\" data-id=\"9ea2fd3\" data-element_type=\"widget\" data-e-type=\"widget\" data-widget_type=\"crafto-image.default\">\n\t\t\t\t<div class=\"elementor-widget-container\">\n\t\t\t\t\t\t\t\t<div class=\"crafto-image-wrapper\">\n\t\t\t\t\t\t\t\t<div class=\"image-box\">\n\t\t\t\t\t<div class=\"image-wrapper\">\n\t\t\t\t\t\t<img loading=\"lazy\" decoding=\"async\" width=\"600\" height=\"530\" src=\"https:\/\/www.nexano.ch\/wp-content\/uploads\/2026\/01\/nexano_sepp_600x600-600x530.png\" class=\"elementor-animation-\" alt=\"nexano_sepp_600x600\" \/>\t\t\t\t\t<\/div>\n\t\t\t\t<\/div>\n\t\t\t\t\t\t\t<\/div>\n\t\t\t\t\t\t\t<\/div>\n\t\t\t\t<\/div>\n\t\t\t\t<\/div>\n\t\t<div class=\" elementor-element elementor-element-a4c8c93 e-con-full e-flex section-light e-con e-child\" data-id=\"a4c8c93\" data-element_type=\"container\" data-e-type=\"container\">\n\t\t\t\t<div class=\"elementor-element elementor-element-22f6544 elementor-view-stacked elementor-position-left elementor-vertical-align-middle elementor-shape-circle elementor-widget elementor-widget-crafto-icon-box\" data-id=\"22f6544\" data-element_type=\"widget\" data-e-type=\"widget\" data-widget_type=\"crafto-icon-box.default\">\n\t\t\t\t<div class=\"elementor-widget-container\">\n\t\t\t\t\t\t\t\t<div class=\"elementor-icon-box-wrapper crafto-icon-box-wrapper\">\n\t\t\t\t\t\t\t\t\t<div class=\"elementor-icon-box-icon \">\n\t\t\t\t\t\t\t\t\t\t<span class=\"elementor-icon elementor-animation-\" >\n\t\t\t\t<i aria-hidden=\"true\" class=\"fa-solid fa-heart\"><\/i>\t\t\t\t<\/span>\n\t\t\t\t\t\t\t\t\t<\/div>\n\t\t\t\t\t\t\t\t\t<div class=\"elementor-icon-box-content\">\n\t\t\t\t\t\t\t\t\t\t\t<span class=\"elementor-icon-box-title\">\n\t\t\t\t\t\t\t<span >\n\t\t\t\t\t\t\tSchon gewusst?\t\t\t\t\t\t\t<\/span>\n\t\t\t\t\t\t<\/span>\n\t\t\t\t\t\t\t\t\t\t<\/div>\n\t\t\t<\/div>\n\t\t\t\t\t\t\t<\/div>\n\t\t\t\t<\/div>\n\t\t\t\t<div class=\"elementor-element elementor-element-61c21bc elementor-widget elementor-widget-crafto-heading\" data-id=\"61c21bc\" data-element_type=\"widget\" data-e-type=\"widget\" data-widget_type=\"crafto-heading.default\">\n\t\t\t\t<div class=\"elementor-widget-container\">\n\t\t\t\t\t<h5 class=\"crafto-heading\"><span class=\"crafto-primary-title\">Unser Zins-Check funktioniert wie ein Wetterbericht. Sonnig? Du profitierst tendenziell von vorteilhaften Zinsen. Regnerisch? Vielleicht lohnt es sich noch weitere Angebote einzuholen.<\/span><\/h5>\t\t\t\t<\/div>\n\t\t\t\t<\/div>\n\t\t\t\t<div class=\"elementor-element elementor-element-f7daf88 elementor-widget elementor-widget-crafto-heading\" data-id=\"f7daf88\" data-element_type=\"widget\" data-e-type=\"widget\" data-widget_type=\"crafto-heading.default\">\n\t\t\t\t<div class=\"elementor-widget-container\">\n\t\t\t\t\t<div class=\"crafto-heading no-shadow-animation\"><span class=\"crafto-primary-title\">Nexano.ch - <span class=\"separator\"> Vergleiche alles.<\/span><\/span><\/div>\t\t\t\t<\/div>\n\t\t\t\t<\/div>\n\t\t\t\t<\/div>\n\t\t\t\t<div class=\"elementor-element elementor-element-c9dcadb elementor-absolute elementor-widget elementor-widget-crafto-image\" data-id=\"c9dcadb\" data-element_type=\"widget\" data-e-type=\"widget\" data-settings=\"{&quot;_position&quot;:&quot;absolute&quot;}\" data-widget_type=\"crafto-image.default\">\n\t\t\t\t<div class=\"elementor-widget-container\">\n\t\t\t\t\t\t\t\t<div class=\"crafto-image-wrapper\">\n\t\t\t\t\t\t\t\t<div class=\"image-box\">\n\t\t\t\t\t<div class=\"image-wrapper\">\n\t\t\t\t\t\t<img loading=\"lazy\" decoding=\"async\" width=\"96\" height=\"70\" src=\"https:\/\/www.nexano.ch\/wp-content\/uploads\/2026\/01\/demo-web-agency-people-06.png\" class=\"elementor-animation-\" alt=\"demo-web-agency-people-06.png\" \/>\t\t\t\t\t<\/div>\n\t\t\t\t<\/div>\n\t\t\t\t\t\t\t<\/div>\n\t\t\t\t\t\t\t<\/div>\n\t\t\t\t<\/div>\n\t\t\t\t<\/div>\n\t\t\t\t\t<\/div>\n\t\t\t\t<\/div>\n\t\t\t\t<\/div>\n\t\t","protected":false},"excerpt":{"rendered":"<p>Wissenswertes zum Zahlensalat Zins-Check Berechnung Wir bei Nexano zerbrechen uns t\u00e4glich dar\u00fcber den Kopf, wie wir aus unserem Zahlensalat n\u00fctzliche Daten f\u00fcr unsere Besucherinnen und Besucher aufbereiten k\u00f6nnen. Bei vielen unserer Finanz-Vergleiche blenden wir einen &#8222;Zins-Check&#8220; ein. Diese Daten berechnen wir wie folgt: Nennt den aktuell vorteilhaftesten Zinssatz aller Anbieter im Vergleich. Nennt den aktuellen [&hellip;]<\/p>\n","protected":false},"author":1,"featured_media":0,"parent":0,"menu_order":0,"comment_status":"closed","ping_status":"closed","template":"","meta":{"footnotes":""},"class_list":["post-10621","page","type-page","status-publish","hentry"],"_links":{"self":[{"href":"https:\/\/www.nexano.ch\/de\/wp-json\/wp\/v2\/pages\/10621","targetHints":{"allow":["GET"]}}],"collection":[{"href":"https:\/\/www.nexano.ch\/de\/wp-json\/wp\/v2\/pages"}],"about":[{"href":"https:\/\/www.nexano.ch\/de\/wp-json\/wp\/v2\/types\/page"}],"author":[{"embeddable":true,"href":"https:\/\/www.nexano.ch\/de\/wp-json\/wp\/v2\/users\/1"}],"replies":[{"embeddable":true,"href":"https:\/\/www.nexano.ch\/de\/wp-json\/wp\/v2\/comments?post=10621"}],"version-history":[{"count":7,"href":"https:\/\/www.nexano.ch\/de\/wp-json\/wp\/v2\/pages\/10621\/revisions"}],"predecessor-version":[{"id":10631,"href":"https:\/\/www.nexano.ch\/de\/wp-json\/wp\/v2\/pages\/10621\/revisions\/10631"}],"wp:attachment":[{"href":"https:\/\/www.nexano.ch\/de\/wp-json\/wp\/v2\/media?parent=10621"}],"curies":[{"name":"wp","href":"https:\/\/api.w.org\/{rel}","templated":true}]}}