{"id":8835,"date":"2025-09-21T20:05:14","date_gmt":"2025-09-21T18:05:14","guid":{"rendered":"https:\/\/www.nexano.ch\/?page_id=8835"},"modified":"2026-01-12T12:50:04","modified_gmt":"2026-01-12T11:50:04","slug":"vergleich-tageskarte-schiff-kinder","status":"publish","type":"page","link":"https:\/\/www.nexano.ch\/de\/vergleich-tageskarte-schiff-kinder\/","title":{"rendered":"Vergleich Tageskarte Schiff Kinder"},"content":{"rendered":"\t\t<div data-elementor-type=\"wp-page\" data-elementor-id=\"8835\" class=\"elementor elementor-8835\">\n\t\t\t\t<div class=\" elementor-element elementor-element-861e67a e-flex e-con-boxed section-light e-con e-child\" data-id=\"861e67a\" data-element_type=\"container\" data-e-type=\"container\" data-settings=\"{&quot;background_background&quot;:&quot;classic&quot;}\">\n\t\t\t\t\t<div class=\"e-con-inner\">\n\t\t<div class=\"entrance-animation  elementor-element elementor-element-9ea5d3a e-con-full e-flex section-light e-con e-child\" data-anime=\"{&quot;duration&quot;:600,&quot;staggervalue&quot;:300,&quot;easing&quot;:&quot;easeOutQuad&quot;,&quot;targets&quot;:&quot;.elementor-element-9ea5d3a.entrance-animation&gt; .e-child,.elementor-element-9ea5d3a.entrance-animation&gt; .e-con-inner &gt; .e-con-full.e-child,.elementor-element-9ea5d3a.entrance-animation&gt; .elementor-widget,.elementor-element-9ea5d3a.entrance-animation&gt; .e-con-inner &gt; .elementor-widget&quot;,&quot;opacity&quot;:[0,1],&quot;translateY&quot;:[50,0]}\" data-id=\"9ea5d3a\" data-element_type=\"container\" data-e-type=\"container\">\n\t\t\t\t<div class=\"elementor-element elementor-element-460406b elementor-widget__width-initial elementor-widget elementor-widget-crafto-heading\" data-id=\"460406b\" data-element_type=\"widget\" data-e-type=\"widget\" data-widget_type=\"crafto-heading.default\">\n\t\t\t\t<div class=\"elementor-widget-container\">\n\t\t\t\t\t<span class=\"crafto-heading\"><span class=\"crafto-primary-title\">Vergleiche Preise f\u00fcr Tageskarten Schiff\n<\/span><\/span>\t\t\t\t<\/div>\n\t\t\t\t<\/div>\n\t\t\t\t<div class=\"elementor-element elementor-element-7878414 elementor-widget elementor-widget-crafto-heading\" data-id=\"7878414\" data-element_type=\"widget\" data-e-type=\"widget\" data-widget_type=\"crafto-heading.default\">\n\t\t\t\t<div class=\"elementor-widget-container\">\n\t\t\t\t\t<h2 class=\"crafto-heading\"><span class=\"crafto-primary-title\">2. Klasse Kinder\n<\/span><\/h2>\t\t\t\t<\/div>\n\t\t\t\t<\/div>\n\t\t\t\t<\/div>\n\t\t<div class=\"entrance-animation  elementor-element elementor-element-643ebf5 e-con-full e-flex section-light e-con e-child\" data-anime=\"{&quot;duration&quot;:600,&quot;staggervalue&quot;:300,&quot;easing&quot;:&quot;easeOutQuad&quot;,&quot;targets&quot;:&quot;.elementor-element-643ebf5.entrance-animation&gt; .e-child,.elementor-element-643ebf5.entrance-animation&gt; .e-con-inner &gt; .e-con-full.e-child,.elementor-element-643ebf5.entrance-animation&gt; .elementor-widget,.elementor-element-643ebf5.entrance-animation&gt; .e-con-inner &gt; .elementor-widget&quot;,&quot;opacity&quot;:[0,1],&quot;translateY&quot;:[50,0]}\" data-id=\"643ebf5\" data-element_type=\"container\" data-e-type=\"container\">\n\t\t\t\t<div class=\"elementor-element elementor-element-2df585b elementor-widget elementor-widget-crafto-text-editor\" data-id=\"2df585b\" data-element_type=\"widget\" data-e-type=\"widget\" data-widget_type=\"crafto-text-editor.default\">\n\t\t\t\t<div class=\"elementor-widget-container\">\n\t\t\t\t\t\t\t\t<div class=\"text-editor\">\n\t\t\t\t<div class=\"text-editor-content\">\n\t\t\t\t\t<p>Vergleiche die aktuellen Tarife f\u00fcr Schiffstageskarten f\u00fcr Kinder auf den beliebtesten Schweizer Seen.<\/p>\t\t\t\t<\/div>\n\t\t\t<\/div>\n\t\t\t\t\t\t\t<\/div>\n\t\t\t\t<\/div>\n\t\t\t\t<\/div>\n\t\t<div class=\"entrance-animation  elementor-element elementor-element-b67da11 e-con-full e-flex section-light e-con e-child\" data-anime=\"{&quot;duration&quot;:600,&quot;staggervalue&quot;:300,&quot;easing&quot;:&quot;easeOutQuad&quot;,&quot;targets&quot;:&quot;.elementor-element-b67da11.entrance-animation&gt; .e-child,.elementor-element-b67da11.entrance-animation&gt; .e-con-inner &gt; .e-con-full.e-child,.elementor-element-b67da11.entrance-animation&gt; .elementor-widget,.elementor-element-b67da11.entrance-animation&gt; .e-con-inner &gt; .elementor-widget&quot;,&quot;opacity&quot;:[0,1],&quot;perspective&quot;:[1200,1200],&quot;rotateX&quot;:[50,0],&quot;scale&quot;:[1.100000000000000088817841970012523233890533447265625,1]}\" data-id=\"b67da11\" data-element_type=\"container\" data-e-type=\"container\">\n\t\t<div class=\" elementor-element elementor-element-521bad3 e-con-full e-flex section-light e-con e-child\" data-id=\"521bad3\" data-element_type=\"container\" data-e-type=\"container\">\n\t\t\t\t<div class=\"elementor-element elementor-element-05f91bc elementor-widget elementor-widget-text-editor\" data-id=\"05f91bc\" data-element_type=\"widget\" data-e-type=\"widget\" data-widget_type=\"text-editor.default\">\n\t\t\t\t\t\t\t\t\t<div id=\"footable_parent_8831\"\n         class=\" footable_parent ninja_table_wrapper loading_ninja_table wp_table_data_press_parent semantic_ui \">\n                <table data-ninja_table_instance=\"ninja_table_instance_0\" data-footable_id=\"8831\" data-filter-delay=\"1000\" aria-label=\"Tageskarte Schiff Kind\"            id=\"footable_8831\"\n           data-unique_identifier=\"ninja_table_unique_id_969243348_8831\"\n           class=\" foo-table ninja_footable foo_table_8831 ninja_table_unique_id_969243348_8831 ui table  ninja_search_right nt_type_legacy_table selectable striped vertical_centered  footable-paging-right ninja_table_pro\">\n                <colgroup>\n                            <col class=\"ninja_column_0 \">\n                            <col class=\"ninja_column_1 \">\n                    <\/colgroup>\n        <thead>\n<tr class=\"footable-header\">\n                                        <th scope=\"col\"  class=\"ninja_column_0 ninja_clmn_nm_company_nicename \">Anbieter<\/th><th scope=\"col\"  class=\"ninja_column_1 ninja_clmn_nm_formatted_entrance_fee \">Tageskarte 2. Klasse Kinder<\/th><\/tr>\n<\/thead>\n<tbody>\n\n        <tr data-row_id=\"0\" class=\"ninja_table_row_0 nt_row_id_0\">\n            <td>Walensee Schifffahrt<\/td><td>CHF 15.00<\/td>        <\/tr>\n            <tr data-row_id=\"1\" class=\"ninja_table_row_1 nt_row_id_1\">\n            <td>Brienzersee bls<\/td><td>CHF 15.00<\/td>        <\/tr>\n            <tr data-row_id=\"2\" class=\"ninja_table_row_2 nt_row_id_2\">\n            <td>Thunersee bls<\/td><td>CHF 15.00<\/td>        <\/tr>\n            <tr data-row_id=\"3\" class=\"ninja_table_row_3 nt_row_id_3\">\n            <td>Schweizerische Bodensee-Schifffahrt<\/td><td>CHF 10.00<\/td>        <\/tr>\n            <tr data-row_id=\"4\" class=\"ninja_table_row_4 nt_row_id_4\">\n            <td>Genfersee CGN<\/td><td>CHF 32.00<\/td>        <\/tr>\n            <tr data-row_id=\"5\" class=\"ninja_table_row_5 nt_row_id_5\">\n            <td>Bielersee-Schifffahrts-Gesellschaft BSG<\/td><td>CHF 15.00<\/td>        <\/tr>\n            <tr data-row_id=\"6\" class=\"ninja_table_row_6 nt_row_id_6\">\n            <td>Schweizerische Schifffahrtsgesellschaft Untersee und Rhein AG<\/td><td>CHF 10.00<\/td>        <\/tr>\n            <tr data-row_id=\"7\" class=\"ninja_table_row_7 nt_row_id_7\">\n            <td>Zugersee Schifffahrt<\/td><td>CHF 23.50<\/td>        <\/tr>\n            <tr data-row_id=\"8\" class=\"ninja_table_row_8 nt_row_id_8\">\n            <td>\u00c4gerisee Schifffahrt<\/td><td>CHF 15.00<\/td>        <\/tr>\n            <tr data-row_id=\"9\" class=\"ninja_table_row_9 nt_row_id_9\">\n            <td>Schifffahrtsgesellschaft des Vierwaldst\u00e4ttersees SGV<\/td><td>CHF 12.00<\/td>        <\/tr>\n            <tr data-row_id=\"10\" class=\"ninja_table_row_10 nt_row_id_10\">\n            <td>Urnersee<\/td><td>CHF 12.00<\/td>        <\/tr>\n    <\/tbody><!--ninja_tobody_rendering_done-->\n    <\/table>\n    \n    \n    \n<\/div>\n\t\t\t\t\t\t\t\t<\/div>\n\t\t\t\t<\/div>\n\t\t\t\t<\/div>\n\t\t\t\t\t<\/div>\n\t\t\t\t<\/div>\n\t\t<div class=\" elementor-element elementor-element-472c0cf e-flex e-con-boxed section-light e-con e-parent\" data-id=\"472c0cf\" data-element_type=\"container\" data-e-type=\"container\">\n\t\t\t\t\t<div class=\"e-con-inner\">\n\t\t\t\t<div data-bottom-top=\"transform: translateY(-80px)\" data-top-bottom=\"transform: translateY(80px)\" class=\"elementor-element elementor-element-206e7f7 elementor-absolute elementor-widget elementor-widget-crafto-image\" data-id=\"206e7f7\" data-element_type=\"widget\" data-e-type=\"widget\" data-settings=\"{&quot;_position&quot;:&quot;absolute&quot;}\" data-widget_type=\"crafto-image.default\">\n\t\t\t\t<div class=\"elementor-widget-container\">\n\t\t\t\t\t\t\t\t<div class=\"crafto-image-wrapper\">\n\t\t\t\t\t\t\t\t<div class=\"image-box\">\n\t\t\t\t\t<div class=\"image-wrapper\">\n\t\t\t\t\t\t<img fetchpriority=\"high\" decoding=\"async\" width=\"350\" height=\"350\" src=\"https:\/\/www.nexano.ch\/wp-content\/uploads\/2026\/01\/demo-web-agency-people-02.png\" class=\"elementor-animation-\" alt=\"demo-web-agency-people-02.png\" \/>\t\t\t\t\t<\/div>\n\t\t\t\t<\/div>\n\t\t\t\t\t\t\t<\/div>\n\t\t\t\t\t\t\t<\/div>\n\t\t\t\t<\/div>\n\t\t<div class=\" elementor-element elementor-element-753c2e2 e-con-full e-flex section-light e-con e-child\" data-id=\"753c2e2\" data-element_type=\"container\" data-e-type=\"container\">\n\t\t<div class=\" elementor-element elementor-element-9178318 e-con-full e-flex section-light e-con e-child\" data-id=\"9178318\" data-element_type=\"container\" data-e-type=\"container\">\n\t\t\t\t<div class=\"elementor-element elementor-element-473da54 elementor-widget elementor-widget-crafto-image\" data-id=\"473da54\" data-element_type=\"widget\" data-e-type=\"widget\" data-widget_type=\"crafto-image.default\">\n\t\t\t\t<div class=\"elementor-widget-container\">\n\t\t\t\t\t\t\t\t<div class=\"crafto-image-wrapper\">\n\t\t\t\t\t\t\t\t<div class=\"image-box\">\n\t\t\t\t\t<div class=\"image-wrapper\">\n\t\t\t\t\t\t<img decoding=\"async\" width=\"600\" height=\"530\" src=\"https:\/\/www.nexano.ch\/wp-content\/uploads\/2026\/01\/nexano_sepp_600x600-600x530.png\" class=\"elementor-animation-\" alt=\"nexano_sepp_600x600\" \/>\t\t\t\t\t<\/div>\n\t\t\t\t<\/div>\n\t\t\t\t\t\t\t<\/div>\n\t\t\t\t\t\t\t<\/div>\n\t\t\t\t<\/div>\n\t\t\t\t<\/div>\n\t\t<div class=\" elementor-element elementor-element-88c176b e-con-full e-flex section-light e-con e-child\" data-id=\"88c176b\" data-element_type=\"container\" data-e-type=\"container\">\n\t\t\t\t<div class=\"elementor-element elementor-element-93ab12b elementor-view-stacked elementor-position-left elementor-vertical-align-middle elementor-shape-circle elementor-widget elementor-widget-crafto-icon-box\" data-id=\"93ab12b\" data-element_type=\"widget\" data-e-type=\"widget\" data-widget_type=\"crafto-icon-box.default\">\n\t\t\t\t<div class=\"elementor-widget-container\">\n\t\t\t\t\t\t\t\t<div class=\"elementor-icon-box-wrapper crafto-icon-box-wrapper\">\n\t\t\t\t\t\t\t\t\t<div class=\"elementor-icon-box-icon \">\n\t\t\t\t\t\t\t\t\t\t<span class=\"elementor-icon elementor-animation-\" >\n\t\t\t\t<i aria-hidden=\"true\" class=\"fa-solid fa-heart\"><\/i>\t\t\t\t<\/span>\n\t\t\t\t\t\t\t\t\t<\/div>\n\t\t\t\t\t\t\t\t\t<div class=\"elementor-icon-box-content\">\n\t\t\t\t\t\t\t\t\t\t\t<span class=\"elementor-icon-box-title\">\n\t\t\t\t\t\t\t<span >\n\t\t\t\t\t\t\tSchon gewusst?\t\t\t\t\t\t\t<\/span>\n\t\t\t\t\t\t<\/span>\n\t\t\t\t\t\t\t\t\t\t<\/div>\n\t\t\t<\/div>\n\t\t\t\t\t\t\t<\/div>\n\t\t\t\t<\/div>\n\t\t\t\t<div class=\"elementor-element elementor-element-9a06010 elementor-widget elementor-widget-crafto-heading\" data-id=\"9a06010\" data-element_type=\"widget\" data-e-type=\"widget\" data-widget_type=\"crafto-heading.default\">\n\t\t\t\t<div class=\"elementor-widget-container\">\n\t\t\t\t\t<h5 class=\"crafto-heading\"><span class=\"crafto-primary-title\">Wir aktualisieren die Tarife t\u00e4glich. <br>\nInhaber eines Halbtax-Abos erhalten bei fast allen grossen Schifffahrtsgesellschaften 50% Rabatt auf die Schiffstageskarte.<\/span><\/h5>\t\t\t\t<\/div>\n\t\t\t\t<\/div>\n\t\t\t\t<div class=\"elementor-element elementor-element-f7c6cbf elementor-widget elementor-widget-crafto-heading\" data-id=\"f7c6cbf\" data-element_type=\"widget\" data-e-type=\"widget\" data-widget_type=\"crafto-heading.default\">\n\t\t\t\t<div class=\"elementor-widget-container\">\n\t\t\t\t\t<div class=\"crafto-heading no-shadow-animation\"><span class=\"crafto-primary-title\">Nexano.ch - <span class=\"separator\"> Vergleiche alles.<\/span><\/span><\/div>\t\t\t\t<\/div>\n\t\t\t\t<\/div>\n\t\t\t\t<\/div>\n\t\t\t\t<div class=\"elementor-element elementor-element-a3d1d99 elementor-absolute elementor-widget elementor-widget-crafto-image\" data-id=\"a3d1d99\" data-element_type=\"widget\" data-e-type=\"widget\" data-settings=\"{&quot;_position&quot;:&quot;absolute&quot;}\" data-widget_type=\"crafto-image.default\">\n\t\t\t\t<div class=\"elementor-widget-container\">\n\t\t\t\t\t\t\t\t<div class=\"crafto-image-wrapper\">\n\t\t\t\t\t\t\t\t<div class=\"image-box\">\n\t\t\t\t\t<div class=\"image-wrapper\">\n\t\t\t\t\t\t<img decoding=\"async\" width=\"96\" height=\"70\" src=\"https:\/\/www.nexano.ch\/wp-content\/uploads\/2026\/01\/demo-web-agency-people-06.png\" class=\"elementor-animation-\" alt=\"demo-web-agency-people-06.png\" \/>\t\t\t\t\t<\/div>\n\t\t\t\t<\/div>\n\t\t\t\t\t\t\t<\/div>\n\t\t\t\t\t\t\t<\/div>\n\t\t\t\t<\/div>\n\t\t\t\t<\/div>\n\t\t\t\t\t<\/div>\n\t\t\t\t<\/div>\n\t\t<div class=\" elementor-element elementor-element-003c919 e-flex e-con-boxed section-light e-con e-parent\" data-id=\"003c919\" data-element_type=\"container\" data-e-type=\"container\">\n\t\t\t\t\t<div class=\"e-con-inner\">\n\t\t<div class=\"entrance-animation  elementor-element elementor-element-7a7f6d6 e-con-full e-flex section-light e-con e-child\" data-anime=\"{&quot;duration&quot;:600,&quot;staggervalue&quot;:300,&quot;easing&quot;:&quot;easeOutQuad&quot;,&quot;targets&quot;:&quot;.elementor-element-7a7f6d6.entrance-animation&gt; .e-child,.elementor-element-7a7f6d6.entrance-animation&gt; .e-con-inner &gt; .e-con-full.e-child,.elementor-element-7a7f6d6.entrance-animation&gt; .elementor-widget,.elementor-element-7a7f6d6.entrance-animation&gt; .e-con-inner &gt; .elementor-widget&quot;,&quot;opacity&quot;:[0,1],&quot;translateY&quot;:[50,0]}\" data-id=\"7a7f6d6\" data-element_type=\"container\" data-e-type=\"container\">\n\t\t\t\t<div class=\"elementor-element elementor-element-7cc6a80 elementor-widget elementor-widget-crafto-heading\" data-id=\"7cc6a80\" data-element_type=\"widget\" data-e-type=\"widget\" data-widget_type=\"crafto-heading.default\">\n\t\t\t\t<div class=\"elementor-widget-container\">\n\t\t\t\t\t<h2 class=\"crafto-heading\"><span class=\"crafto-primary-title\">Weitere Vergleiche<\/span><\/h2>\t\t\t\t<\/div>\n\t\t\t\t<\/div>\n\t\t\t\t<\/div>\n\t\t<div class=\"entrance-animation  elementor-element elementor-element-d14f5ba e-con-full e-flex section-light e-con e-child\" data-anime=\"{&quot;duration&quot;:600,&quot;staggervalue&quot;:300,&quot;easing&quot;:&quot;easeOutQuad&quot;,&quot;targets&quot;:&quot;.elementor-element-d14f5ba.entrance-animation&gt; .e-child,.elementor-element-d14f5ba.entrance-animation&gt; .e-con-inner &gt; .e-con-full.e-child,.elementor-element-d14f5ba.entrance-animation&gt; .elementor-widget,.elementor-element-d14f5ba.entrance-animation&gt; .e-con-inner &gt; .elementor-widget&quot;,&quot;opacity&quot;:[0,1],&quot;perspective&quot;:[1200,1200],&quot;rotateX&quot;:[50,0],&quot;scale&quot;:[1.100000000000000088817841970012523233890533447265625,1]}\" data-id=\"d14f5ba\" data-element_type=\"container\" data-e-type=\"container\">\n\t\t<div class=\" elementor-element elementor-element-d3c4aef e-con-full e-flex section-light e-con e-child\" data-id=\"d3c4aef\" data-element_type=\"container\" data-e-type=\"container\">\n\t\t\t\t<div class=\"elementor-element elementor-element-a36e3f4 elementor-position-left e-transform elementor-view-default elementor-widget elementor-widget-crafto-content-block\" data-id=\"a36e3f4\" data-element_type=\"widget\" data-e-type=\"widget\" data-settings=\"{&quot;crafto_content_block_style&quot;:&quot;block-style-2&quot;,&quot;_transform_translateY_effect_hover&quot;:{&quot;unit&quot;:&quot;px&quot;,&quot;size&quot;:-3,&quot;sizes&quot;:[]},&quot;_transform_translateX_effect_hover&quot;:{&quot;unit&quot;:&quot;px&quot;,&quot;size&quot;:&quot;&quot;,&quot;sizes&quot;:[]},&quot;_transform_translateX_effect_hover_laptop&quot;:{&quot;unit&quot;:&quot;px&quot;,&quot;size&quot;:&quot;&quot;,&quot;sizes&quot;:[]},&quot;_transform_translateX_effect_hover_tablet_extra&quot;:{&quot;unit&quot;:&quot;px&quot;,&quot;size&quot;:&quot;&quot;,&quot;sizes&quot;:[]},&quot;_transform_translateX_effect_hover_tablet&quot;:{&quot;unit&quot;:&quot;px&quot;,&quot;size&quot;:&quot;&quot;,&quot;sizes&quot;:[]},&quot;_transform_translateX_effect_hover_mobile_extra&quot;:{&quot;unit&quot;:&quot;px&quot;,&quot;size&quot;:&quot;&quot;,&quot;sizes&quot;:[]},&quot;_transform_translateX_effect_hover_mobile&quot;:{&quot;unit&quot;:&quot;px&quot;,&quot;size&quot;:&quot;&quot;,&quot;sizes&quot;:[]},&quot;_transform_translateY_effect_hover_laptop&quot;:{&quot;unit&quot;:&quot;px&quot;,&quot;size&quot;:&quot;&quot;,&quot;sizes&quot;:[]},&quot;_transform_translateY_effect_hover_tablet_extra&quot;:{&quot;unit&quot;:&quot;px&quot;,&quot;size&quot;:&quot;&quot;,&quot;sizes&quot;:[]},&quot;_transform_translateY_effect_hover_tablet&quot;:{&quot;unit&quot;:&quot;px&quot;,&quot;size&quot;:&quot;&quot;,&quot;sizes&quot;:[]},&quot;_transform_translateY_effect_hover_mobile_extra&quot;:{&quot;unit&quot;:&quot;px&quot;,&quot;size&quot;:&quot;&quot;,&quot;sizes&quot;:[]},&quot;_transform_translateY_effect_hover_mobile&quot;:{&quot;unit&quot;:&quot;px&quot;,&quot;size&quot;:&quot;&quot;,&quot;sizes&quot;:[]}}\" data-widget_type=\"crafto-content-block.default\">\n\t\t\t\t<div class=\"elementor-widget-container\">\n\t\t\t\t\t\t\t\t<div class=\"content-block content-block-style-2\">\n\t\t\t\t\t\t\t\t<div class=\"elementor-icon\">\n\t\t\t\t\t<i aria-hidden=\"true\" class=\" solid-icon-Penguin\"><\/i>\t\t\t\t<\/div>\n\t\t\t\t\t\t\t\t\t\t<div class=\"content-wrap\">\n\t\t\t\t\t\t\t\t\t\t\t<div\t\t\t\tclass=\"title\">\n\t\t\t\t\t\t\t\t\t<a href=\"https:\/\/www.nexano.ch\/de\/zoos-und-tierpaerke-eintrittspreise-vergleich\/\" class=\"title-link\">\n\t\t\t\t\t\tZoos und Tierp\u00e4rke\t\t\t\t\t<\/a>\n\t\t\t\t\t\t\t\t\t<\/div>\n\t\t\t\t\t\t\t\t<div class=\"content\">\n\t\t\t\t\t<p>Vergleiche die Eintrittspreise f\u00fcr die beliebtesten Schweizer Zoos und Tierp\u00e4rke.<\/p>\t\t\t\t<\/div>\n\t\t\t\t\t\t\t\t\t\t<\/div>\n\t\t\t\t\t\t\t\t\t<\/div>\n\t\t\t\t\t\t\t<\/div>\n\t\t\t\t<\/div>\n\t\t\t\t<\/div>\n\t\t<div class=\" elementor-element elementor-element-59811e5 e-con-full e-flex section-light e-con e-child\" data-id=\"59811e5\" data-element_type=\"container\" data-e-type=\"container\">\n\t\t\t\t<div class=\"elementor-element elementor-element-552c9f5 elementor-position-left e-transform elementor-view-default elementor-widget elementor-widget-crafto-content-block\" data-id=\"552c9f5\" data-element_type=\"widget\" data-e-type=\"widget\" data-settings=\"{&quot;crafto_content_block_style&quot;:&quot;block-style-2&quot;,&quot;_transform_translateY_effect_hover&quot;:{&quot;unit&quot;:&quot;px&quot;,&quot;size&quot;:-3,&quot;sizes&quot;:[]},&quot;_transform_translateX_effect_hover&quot;:{&quot;unit&quot;:&quot;px&quot;,&quot;size&quot;:&quot;&quot;,&quot;sizes&quot;:[]},&quot;_transform_translateX_effect_hover_laptop&quot;:{&quot;unit&quot;:&quot;px&quot;,&quot;size&quot;:&quot;&quot;,&quot;sizes&quot;:[]},&quot;_transform_translateX_effect_hover_tablet_extra&quot;:{&quot;unit&quot;:&quot;px&quot;,&quot;size&quot;:&quot;&quot;,&quot;sizes&quot;:[]},&quot;_transform_translateX_effect_hover_tablet&quot;:{&quot;unit&quot;:&quot;px&quot;,&quot;size&quot;:&quot;&quot;,&quot;sizes&quot;:[]},&quot;_transform_translateX_effect_hover_mobile_extra&quot;:{&quot;unit&quot;:&quot;px&quot;,&quot;size&quot;:&quot;&quot;,&quot;sizes&quot;:[]},&quot;_transform_translateX_effect_hover_mobile&quot;:{&quot;unit&quot;:&quot;px&quot;,&quot;size&quot;:&quot;&quot;,&quot;sizes&quot;:[]},&quot;_transform_translateY_effect_hover_laptop&quot;:{&quot;unit&quot;:&quot;px&quot;,&quot;size&quot;:&quot;&quot;,&quot;sizes&quot;:[]},&quot;_transform_translateY_effect_hover_tablet_extra&quot;:{&quot;unit&quot;:&quot;px&quot;,&quot;size&quot;:&quot;&quot;,&quot;sizes&quot;:[]},&quot;_transform_translateY_effect_hover_tablet&quot;:{&quot;unit&quot;:&quot;px&quot;,&quot;size&quot;:&quot;&quot;,&quot;sizes&quot;:[]},&quot;_transform_translateY_effect_hover_mobile_extra&quot;:{&quot;unit&quot;:&quot;px&quot;,&quot;size&quot;:&quot;&quot;,&quot;sizes&quot;:[]},&quot;_transform_translateY_effect_hover_mobile&quot;:{&quot;unit&quot;:&quot;px&quot;,&quot;size&quot;:&quot;&quot;,&quot;sizes&quot;:[]}}\" data-widget_type=\"crafto-content-block.default\">\n\t\t\t\t<div class=\"elementor-widget-container\">\n\t\t\t\t\t\t\t\t<div class=\"content-block content-block-style-2\">\n\t\t\t\t\t\t\t\t<div class=\"elementor-icon\">\n\t\t\t\t\t<i aria-hidden=\"true\" class=\"fa-solid fa-cable-car\"><\/i>\t\t\t\t<\/div>\n\t\t\t\t\t\t\t\t\t\t<div class=\"content-wrap\">\n\t\t\t\t\t\t\t\t\t\t\t<div\t\t\t\tclass=\"title\">\n\t\t\t\t\t\t\t\t\t<a href=\"https:\/\/www.nexano.ch\/de\/bergbahnen-preise-vergleich\/\" class=\"title-link\">\n\t\t\t\t\t\tBergbahnen\t\t\t\t\t<\/a>\n\t\t\t\t\t\t\t\t\t<\/div>\n\t\t\t\t\t\t\t\t<div class=\"content\">\n\t\t\t\t\t<p>Vergleiche die Fahrpreise f\u00fcr die beliebtesten Bergbahnen der Schweiz.<\/p>\t\t\t\t<\/div>\n\t\t\t\t\t\t\t\t\t\t<\/div>\n\t\t\t\t\t\t\t\t\t<\/div>\n\t\t\t\t\t\t\t<\/div>\n\t\t\t\t<\/div>\n\t\t\t\t<\/div>\n\t\t\t\t<\/div>\n\t\t\t\t\t<\/div>\n\t\t\t\t<\/div>\n\t\t\t\t<\/div>\n\t\t","protected":false},"excerpt":{"rendered":"<p>Vergleiche Preise f\u00fcr Tageskarten Schiff 2. Klasse Kinder Vergleiche die aktuellen Tarife f\u00fcr Schiffstageskarten f\u00fcr Kinder auf den beliebtesten Schweizer Seen. Schon gewusst? Wir aktualisieren die Tarife t\u00e4glich. Inhaber eines Halbtax-Abos erhalten bei fast allen grossen Schifffahrtsgesellschaften 50% Rabatt auf die Schiffstageskarte. Nexano.ch &#8211; Vergleiche alles. Weitere Vergleiche Zoos und Tierp\u00e4rke Vergleiche die Eintrittspreise f\u00fcr [&hellip;]<\/p>\n","protected":false},"author":1,"featured_media":0,"parent":0,"menu_order":0,"comment_status":"closed","ping_status":"closed","template":"","meta":{"footnotes":""},"class_list":["post-8835","page","type-page","status-publish","hentry"],"_links":{"self":[{"href":"https:\/\/www.nexano.ch\/de\/wp-json\/wp\/v2\/pages\/8835","targetHints":{"allow":["GET"]}}],"collection":[{"href":"https:\/\/www.nexano.ch\/de\/wp-json\/wp\/v2\/pages"}],"about":[{"href":"https:\/\/www.nexano.ch\/de\/wp-json\/wp\/v2\/types\/page"}],"author":[{"embeddable":true,"href":"https:\/\/www.nexano.ch\/de\/wp-json\/wp\/v2\/users\/1"}],"replies":[{"embeddable":true,"href":"https:\/\/www.nexano.ch\/de\/wp-json\/wp\/v2\/comments?post=8835"}],"version-history":[{"count":7,"href":"https:\/\/www.nexano.ch\/de\/wp-json\/wp\/v2\/pages\/8835\/revisions"}],"predecessor-version":[{"id":9448,"href":"https:\/\/www.nexano.ch\/de\/wp-json\/wp\/v2\/pages\/8835\/revisions\/9448"}],"wp:attachment":[{"href":"https:\/\/www.nexano.ch\/de\/wp-json\/wp\/v2\/media?parent=8835"}],"curies":[{"name":"wp","href":"https:\/\/api.w.org\/{rel}","templated":true}]}}