{"id":9542,"date":"2026-01-18T13:30:11","date_gmt":"2026-01-18T12:30:11","guid":{"rendered":"https:\/\/www.nexano.ch\/?page_id=9542"},"modified":"2026-01-18T13:32:26","modified_gmt":"2026-01-18T12:32:26","slug":"medikamenten-preisvergleich-algifor-ibuprufen","status":"publish","type":"page","link":"https:\/\/www.nexano.ch\/de\/medikamenten-preisvergleich-algifor-ibuprufen\/","title":{"rendered":"Medikamenten Preisvergleich: Algifor Ibuprufen"},"content":{"rendered":"\t\t<div data-elementor-type=\"wp-page\" data-elementor-id=\"9542\" class=\"elementor elementor-9542\">\n\t\t\t\t<div class=\" elementor-element elementor-element-5fd8a4b e-flex e-con-boxed section-light e-con e-child\" data-id=\"5fd8a4b\" data-element_type=\"container\" data-e-type=\"container\" data-settings=\"{&quot;background_background&quot;:&quot;classic&quot;}\">\n\t\t\t\t\t<div class=\"e-con-inner\">\n\t\t<div class=\"entrance-animation  elementor-element elementor-element-8d2e2bc e-con-full e-flex section-light e-con e-child\" data-anime=\"{&quot;duration&quot;:600,&quot;staggervalue&quot;:300,&quot;easing&quot;:&quot;easeOutQuad&quot;,&quot;targets&quot;:&quot;.elementor-element-8d2e2bc.entrance-animation&gt; .e-child,.elementor-element-8d2e2bc.entrance-animation&gt; .e-con-inner &gt; .e-con-full.e-child,.elementor-element-8d2e2bc.entrance-animation&gt; .elementor-widget,.elementor-element-8d2e2bc.entrance-animation&gt; .e-con-inner &gt; .elementor-widget&quot;,&quot;opacity&quot;:[0,1],&quot;translateY&quot;:[50,0]}\" data-id=\"8d2e2bc\" data-element_type=\"container\" data-e-type=\"container\">\n\t\t\t\t<div class=\"elementor-element elementor-element-4082cf2 elementor-widget__width-initial elementor-widget elementor-widget-crafto-heading\" data-id=\"4082cf2\" data-element_type=\"widget\" data-e-type=\"widget\" data-widget_type=\"crafto-heading.default\">\n\t\t\t\t<div class=\"elementor-widget-container\">\n\t\t\t\t\t<span class=\"crafto-heading\"><span class=\"crafto-primary-title\">Medikamenten Preisvergleich<\/span><\/span>\t\t\t\t<\/div>\n\t\t\t\t<\/div>\n\t\t\t\t<div class=\"elementor-element elementor-element-2fb6e1c elementor-widget elementor-widget-crafto-heading\" data-id=\"2fb6e1c\" data-element_type=\"widget\" data-e-type=\"widget\" data-widget_type=\"crafto-heading.default\">\n\t\t\t\t<div class=\"elementor-widget-container\">\n\t\t\t\t\t<h2 class=\"crafto-heading\"><span class=\"crafto-primary-title\">Algifor Ibuprofen forte 400<\/span><\/h2>\t\t\t\t<\/div>\n\t\t\t\t<\/div>\n\t\t\t\t<\/div>\n\t\t<div class=\"entrance-animation  elementor-element elementor-element-993dd3e e-con-full e-flex section-light e-con e-child\" data-anime=\"{&quot;duration&quot;:600,&quot;staggervalue&quot;:300,&quot;easing&quot;:&quot;easeOutQuad&quot;,&quot;targets&quot;:&quot;.elementor-element-993dd3e.entrance-animation&gt; .e-child,.elementor-element-993dd3e.entrance-animation&gt; .e-con-inner &gt; .e-con-full.e-child,.elementor-element-993dd3e.entrance-animation&gt; .elementor-widget,.elementor-element-993dd3e.entrance-animation&gt; .e-con-inner &gt; .elementor-widget&quot;,&quot;opacity&quot;:[0,1],&quot;translateY&quot;:[50,0]}\" data-id=\"993dd3e\" data-element_type=\"container\" data-e-type=\"container\">\n\t\t\t\t<div class=\"elementor-element elementor-element-eb65a8b elementor-widget elementor-widget-crafto-text-editor\" data-id=\"eb65a8b\" data-element_type=\"widget\" data-e-type=\"widget\" data-widget_type=\"crafto-text-editor.default\">\n\t\t\t\t<div class=\"elementor-widget-container\">\n\t\t\t\t\t\t\t\t<div class=\"text-editor\">\n\t\t\t\t<div class=\"text-editor-content\">\n\t\t\t\t\t<p>Vergleiche die aktuellen Preise f\u00fcr Algifor Ibuprofen forte 400 mg, Filmtabletten, 10 Stk. in ausgew\u00e4hlten Schweizer Apotheken.<\/p>\t\t\t\t<\/div>\n\t\t\t<\/div>\n\t\t\t\t\t\t\t<\/div>\n\t\t\t\t<\/div>\n\t\t\t\t<\/div>\n\t\t<div class=\"entrance-animation  elementor-element elementor-element-4922ac7 e-con-full e-flex section-light e-con e-child\" data-anime=\"{&quot;duration&quot;:600,&quot;staggervalue&quot;:300,&quot;easing&quot;:&quot;easeOutQuad&quot;,&quot;targets&quot;:&quot;.elementor-element-4922ac7.entrance-animation&gt; .e-child,.elementor-element-4922ac7.entrance-animation&gt; .e-con-inner &gt; .e-con-full.e-child,.elementor-element-4922ac7.entrance-animation&gt; .elementor-widget,.elementor-element-4922ac7.entrance-animation&gt; .e-con-inner &gt; .elementor-widget&quot;,&quot;opacity&quot;:[0,1],&quot;perspective&quot;:[1200,1200],&quot;rotateX&quot;:[50,0],&quot;scale&quot;:[1.100000000000000088817841970012523233890533447265625,1]}\" data-id=\"4922ac7\" data-element_type=\"container\" data-e-type=\"container\">\n\t\t<div class=\" elementor-element elementor-element-e1ed108 e-con-full e-flex section-light e-con e-child\" data-id=\"e1ed108\" data-element_type=\"container\" data-e-type=\"container\">\n\t\t\t\t<div class=\"elementor-element elementor-element-944b8a7 elementor-widget elementor-widget-text-editor\" data-id=\"944b8a7\" data-element_type=\"widget\" data-e-type=\"widget\" data-widget_type=\"text-editor.default\">\n\t\t\t\t\t\t\t\t\t<div id=\"footable_parent_9541\"\n         class=\" footable_parent ninja_table_wrapper loading_ninja_table wp_table_data_press_parent semantic_ui \">\n                <table data-ninja_table_instance=\"ninja_table_instance_0\" data-footable_id=\"9541\" data-filter-delay=\"1000\" aria-label=\"Medikamente: Algifor Ibuprufen 400\"            id=\"footable_9541\"\n           data-unique_identifier=\"ninja_table_unique_id_119952242_9541\"\n           class=\" foo-table ninja_footable foo_table_9541 ninja_table_unique_id_119952242_9541 ui table  ninja_search_right nt_type_legacy_table selectable striped vertical_centered  footable-paging-right ninja_table_pro\">\n                <colgroup>\n                            <col class=\"ninja_column_0 \">\n                            <col class=\"ninja_column_1 \">\n                    <\/colgroup>\n        <thead>\n<tr class=\"footable-header\">\n                                        <th scope=\"col\"  class=\"ninja_column_0 ninja_clmn_nm_company_nicename \">Apotheke<\/th><th scope=\"col\"  class=\"ninja_column_1 ninja_clmn_nm_formatierter_preis \">Preis<\/th><\/tr>\n<\/thead>\n<tbody>\n\n        <tr data-row_id=\"0\" class=\"ninja_table_row_0 nt_row_id_0\">\n            <td>Dorf-Drogerie Bohl, Heiden<\/td><td>CHF 6.45<\/td>        <\/tr>\n            <tr data-row_id=\"1\" class=\"ninja_table_row_1 nt_row_id_1\">\n            <td>Apo24, Bussigny<\/td><td>CHF 9.95<\/td>        <\/tr>\n            <tr data-row_id=\"2\" class=\"ninja_table_row_2 nt_row_id_2\">\n            <td>Farmacia Centrale, Cadenazzo<\/td><td>CHF 10.60<\/td>        <\/tr>\n            <tr data-row_id=\"3\" class=\"ninja_table_row_3 nt_row_id_3\">\n            <td>Bollwerk Apotheke, Bern<\/td><td>CHF 10.80<\/td>        <\/tr>\n            <tr data-row_id=\"4\" class=\"ninja_table_row_4 nt_row_id_4\">\n            <td>Dr. Noyer Apotheken, Bern<\/td><td>CHF 11.30<\/td>        <\/tr>\n            <tr data-row_id=\"5\" class=\"ninja_table_row_5 nt_row_id_5\">\n            <td>Drogerie Studer, Bremgarten bei Bern<\/td><td>CHF 11.30<\/td>        <\/tr>\n            <tr data-row_id=\"6\" class=\"ninja_table_row_6 nt_row_id_6\">\n            <td>Pharmacie Moudonnoise, Moudon<\/td><td>CHF 11.50<\/td>        <\/tr>\n            <tr data-row_id=\"7\" class=\"ninja_table_row_7 nt_row_id_7\">\n            <td>Rotpunkt Apotheken<\/td><td>CHF 11.60<\/td>        <\/tr>\n            <tr data-row_id=\"8\" class=\"ninja_table_row_8 nt_row_id_8\">\n            <td>Xtrapharm, R\u00fcti<\/td><td>CHF 11.70<\/td>        <\/tr>\n            <tr data-row_id=\"9\" class=\"ninja_table_row_9 nt_row_id_9\">\n            <td>UrsDrogerie Apotheke, Steinhausen<\/td><td>CHF 11.70<\/td>        <\/tr>\n            <tr data-row_id=\"10\" class=\"ninja_table_row_10 nt_row_id_10\">\n            <td>Nature First Apotheken<\/td><td>CHF 11.70<\/td>        <\/tr>\n            <tr data-row_id=\"11\" class=\"ninja_table_row_11 nt_row_id_11\">\n            <td>Drogerie im Schwamedingerhuus, Z\u00fcrich<\/td><td>CHF 11.90<\/td>        <\/tr>\n            <tr data-row_id=\"12\" class=\"ninja_table_row_12 nt_row_id_12\">\n            <td>Dropa Drogerie Eiche, Herisau<\/td><td>CHF 11.90<\/td>        <\/tr>\n            <tr data-row_id=\"13\" class=\"ninja_table_row_13 nt_row_id_13\">\n            <td>Sun Store Apotheken<\/td><td>CHF 11.95<\/td>        <\/tr>\n            <tr data-row_id=\"14\" class=\"ninja_table_row_14 nt_row_id_14\">\n            <td>Eulenapotheke, Winterthur<\/td><td>CHF 11.95<\/td>        <\/tr>\n            <tr data-row_id=\"15\" class=\"ninja_table_row_15 nt_row_id_15\">\n            <td>Amavita Apotheken<\/td><td>CHF 11.95<\/td>        <\/tr>\n            <tr data-row_id=\"16\" class=\"ninja_table_row_16 nt_row_id_16\">\n            <td>Coop Vitality<\/td><td>CHF 11.95<\/td>        <\/tr>\n            <tr data-row_id=\"17\" class=\"ninja_table_row_17 nt_row_id_17\">\n            <td>Rhein-Apotheke, Stein<\/td><td>CHF 12.65<\/td>        <\/tr>\n    <\/tbody><!--ninja_tobody_rendering_done-->\n    <\/table>\n    \n    \n    \n<\/div>\n\t\t\t\t\t\t\t\t<\/div>\n\t\t\t\t<\/div>\n\t\t\t\t<\/div>\n\t\t\t\t\t<\/div>\n\t\t\t\t<\/div>\n\t\t<div class=\" elementor-element elementor-element-76c2d7c e-flex e-con-boxed section-light e-con e-parent\" data-id=\"76c2d7c\" data-element_type=\"container\" data-e-type=\"container\">\n\t\t\t\t\t<div class=\"e-con-inner\">\n\t\t\t\t<div data-bottom-top=\"transform: translateY(-80px)\" data-top-bottom=\"transform: translateY(80px)\" class=\"elementor-element elementor-element-bf4e979 elementor-absolute elementor-widget elementor-widget-crafto-image\" data-id=\"bf4e979\" data-element_type=\"widget\" data-e-type=\"widget\" data-settings=\"{&quot;_position&quot;:&quot;absolute&quot;}\" data-widget_type=\"crafto-image.default\">\n\t\t\t\t<div class=\"elementor-widget-container\">\n\t\t\t\t\t\t\t\t<div class=\"crafto-image-wrapper\">\n\t\t\t\t\t\t\t\t<div class=\"image-box\">\n\t\t\t\t\t<div class=\"image-wrapper\">\n\t\t\t\t\t\t<img fetchpriority=\"high\" decoding=\"async\" width=\"350\" height=\"350\" src=\"https:\/\/www.nexano.ch\/wp-content\/uploads\/2026\/01\/demo-web-agency-people-02.png\" class=\"elementor-animation-\" alt=\"demo-web-agency-people-02.png\" \/>\t\t\t\t\t<\/div>\n\t\t\t\t<\/div>\n\t\t\t\t\t\t\t<\/div>\n\t\t\t\t\t\t\t<\/div>\n\t\t\t\t<\/div>\n\t\t<div class=\" elementor-element elementor-element-4c17750 e-con-full e-flex section-light e-con e-child\" data-id=\"4c17750\" data-element_type=\"container\" data-e-type=\"container\">\n\t\t<div class=\" elementor-element elementor-element-f664a20 e-con-full e-flex section-light e-con e-child\" data-id=\"f664a20\" data-element_type=\"container\" data-e-type=\"container\">\n\t\t\t\t<div class=\"elementor-element elementor-element-7543b79 elementor-widget elementor-widget-crafto-image\" data-id=\"7543b79\" data-element_type=\"widget\" data-e-type=\"widget\" data-widget_type=\"crafto-image.default\">\n\t\t\t\t<div class=\"elementor-widget-container\">\n\t\t\t\t\t\t\t\t<div class=\"crafto-image-wrapper\">\n\t\t\t\t\t\t\t\t<div class=\"image-box\">\n\t\t\t\t\t<div class=\"image-wrapper\">\n\t\t\t\t\t\t<img decoding=\"async\" width=\"600\" height=\"530\" src=\"https:\/\/www.nexano.ch\/wp-content\/uploads\/2026\/01\/nexano_sepp_600x600-600x530.png\" class=\"elementor-animation-\" alt=\"nexano_sepp_600x600\" \/>\t\t\t\t\t<\/div>\n\t\t\t\t<\/div>\n\t\t\t\t\t\t\t<\/div>\n\t\t\t\t\t\t\t<\/div>\n\t\t\t\t<\/div>\n\t\t\t\t<\/div>\n\t\t<div class=\" elementor-element elementor-element-f36a20e e-con-full e-flex section-light e-con e-child\" data-id=\"f36a20e\" data-element_type=\"container\" data-e-type=\"container\">\n\t\t\t\t<div class=\"elementor-element elementor-element-ca860c9 elementor-view-stacked elementor-position-left elementor-vertical-align-middle elementor-shape-circle elementor-widget elementor-widget-crafto-icon-box\" data-id=\"ca860c9\" data-element_type=\"widget\" data-e-type=\"widget\" data-widget_type=\"crafto-icon-box.default\">\n\t\t\t\t<div class=\"elementor-widget-container\">\n\t\t\t\t\t\t\t\t<div class=\"elementor-icon-box-wrapper crafto-icon-box-wrapper\">\n\t\t\t\t\t\t\t\t\t<div class=\"elementor-icon-box-icon \">\n\t\t\t\t\t\t\t\t\t\t<span class=\"elementor-icon elementor-animation-\" >\n\t\t\t\t<i aria-hidden=\"true\" class=\"fa-solid fa-heart\"><\/i>\t\t\t\t<\/span>\n\t\t\t\t\t\t\t\t\t<\/div>\n\t\t\t\t\t\t\t\t\t<div class=\"elementor-icon-box-content\">\n\t\t\t\t\t\t\t\t\t\t\t<span class=\"elementor-icon-box-title\">\n\t\t\t\t\t\t\t<span >\n\t\t\t\t\t\t\tSchon gewusst?\t\t\t\t\t\t\t<\/span>\n\t\t\t\t\t\t<\/span>\n\t\t\t\t\t\t\t\t\t\t<\/div>\n\t\t\t<\/div>\n\t\t\t\t\t\t\t<\/div>\n\t\t\t\t<\/div>\n\t\t\t\t<div class=\"elementor-element elementor-element-1ba0f24 elementor-widget elementor-widget-crafto-heading\" data-id=\"1ba0f24\" data-element_type=\"widget\" data-e-type=\"widget\" data-widget_type=\"crafto-heading.default\">\n\t\t\t\t<div class=\"elementor-widget-container\">\n\t\t\t\t\t<h5 class=\"crafto-heading\"><span class=\"crafto-primary-title\">Wir aktualisieren die Medikamenten Preise t\u00e4glich. <br>\nEinige Apotheken und Drogerien haben unterschiedliche Verkaufspreise je nach Filiale oder verrechnen zus\u00e4tzliche Geb\u00fchren wie \"Medikamenten-Check\" oder \"Bezugs-Check\".<\/span><\/h5>\t\t\t\t<\/div>\n\t\t\t\t<\/div>\n\t\t\t\t<div class=\"elementor-element elementor-element-c6c0402 elementor-widget elementor-widget-crafto-heading\" data-id=\"c6c0402\" data-element_type=\"widget\" data-e-type=\"widget\" data-widget_type=\"crafto-heading.default\">\n\t\t\t\t<div class=\"elementor-widget-container\">\n\t\t\t\t\t<div class=\"crafto-heading no-shadow-animation\"><span class=\"crafto-primary-title\">Nexano.ch - <span class=\"separator\"> Vergleiche alles.<\/span><\/span><\/div>\t\t\t\t<\/div>\n\t\t\t\t<\/div>\n\t\t\t\t<\/div>\n\t\t\t\t<div class=\"elementor-element elementor-element-b4b67ad elementor-absolute elementor-widget elementor-widget-crafto-image\" data-id=\"b4b67ad\" data-element_type=\"widget\" data-e-type=\"widget\" data-settings=\"{&quot;_position&quot;:&quot;absolute&quot;}\" data-widget_type=\"crafto-image.default\">\n\t\t\t\t<div class=\"elementor-widget-container\">\n\t\t\t\t\t\t\t\t<div class=\"crafto-image-wrapper\">\n\t\t\t\t\t\t\t\t<div class=\"image-box\">\n\t\t\t\t\t<div class=\"image-wrapper\">\n\t\t\t\t\t\t<img decoding=\"async\" width=\"96\" height=\"70\" src=\"https:\/\/www.nexano.ch\/wp-content\/uploads\/2026\/01\/demo-web-agency-people-06.png\" class=\"elementor-animation-\" alt=\"demo-web-agency-people-06.png\" \/>\t\t\t\t\t<\/div>\n\t\t\t\t<\/div>\n\t\t\t\t\t\t\t<\/div>\n\t\t\t\t\t\t\t<\/div>\n\t\t\t\t<\/div>\n\t\t\t\t<\/div>\n\t\t\t\t\t<\/div>\n\t\t\t\t<\/div>\n\t\t<div class=\" elementor-element elementor-element-8eb585a e-flex e-con-boxed section-light e-con e-parent\" data-id=\"8eb585a\" data-element_type=\"container\" data-e-type=\"container\">\n\t\t\t\t\t<div class=\"e-con-inner\">\n\t\t<div class=\"entrance-animation  elementor-element elementor-element-3a95954 e-con-full e-flex section-light e-con e-child\" data-anime=\"{&quot;duration&quot;:600,&quot;staggervalue&quot;:300,&quot;easing&quot;:&quot;easeOutQuad&quot;,&quot;targets&quot;:&quot;.elementor-element-3a95954.entrance-animation&gt; .e-child,.elementor-element-3a95954.entrance-animation&gt; .e-con-inner &gt; .e-con-full.e-child,.elementor-element-3a95954.entrance-animation&gt; .elementor-widget,.elementor-element-3a95954.entrance-animation&gt; .e-con-inner &gt; .elementor-widget&quot;,&quot;opacity&quot;:[0,1],&quot;translateY&quot;:[50,0]}\" data-id=\"3a95954\" data-element_type=\"container\" data-e-type=\"container\">\n\t\t\t\t<div class=\"elementor-element elementor-element-ce9236f elementor-widget elementor-widget-crafto-heading\" data-id=\"ce9236f\" data-element_type=\"widget\" data-e-type=\"widget\" data-widget_type=\"crafto-heading.default\">\n\t\t\t\t<div class=\"elementor-widget-container\">\n\t\t\t\t\t<h2 class=\"crafto-heading\"><span class=\"crafto-primary-title\">Weitere Vergleiche<\/span><\/h2>\t\t\t\t<\/div>\n\t\t\t\t<\/div>\n\t\t\t\t<\/div>\n\t\t<div class=\"entrance-animation  elementor-element elementor-element-d13a924 e-con-full e-flex section-light e-con e-child\" data-anime=\"{&quot;duration&quot;:600,&quot;staggervalue&quot;:300,&quot;easing&quot;:&quot;easeOutQuad&quot;,&quot;targets&quot;:&quot;.elementor-element-d13a924.entrance-animation&gt; .e-child,.elementor-element-d13a924.entrance-animation&gt; .e-con-inner &gt; .e-con-full.e-child,.elementor-element-d13a924.entrance-animation&gt; .elementor-widget,.elementor-element-d13a924.entrance-animation&gt; .e-con-inner &gt; .elementor-widget&quot;,&quot;opacity&quot;:[0,1],&quot;perspective&quot;:[1200,1200],&quot;rotateX&quot;:[50,0],&quot;scale&quot;:[1.100000000000000088817841970012523233890533447265625,1]}\" data-id=\"d13a924\" data-element_type=\"container\" data-e-type=\"container\">\n\t\t<div class=\" elementor-element elementor-element-9215191 e-con-full e-flex section-light e-con e-child\" data-id=\"9215191\" data-element_type=\"container\" data-e-type=\"container\">\n\t\t\t\t<div class=\"elementor-element elementor-element-2e58c8d elementor-position-left e-transform elementor-view-default elementor-widget elementor-widget-crafto-content-block\" data-id=\"2e58c8d\" data-element_type=\"widget\" data-e-type=\"widget\" data-settings=\"{&quot;crafto_content_block_style&quot;:&quot;block-style-2&quot;,&quot;_transform_translateY_effect_hover&quot;:{&quot;unit&quot;:&quot;px&quot;,&quot;size&quot;:-3,&quot;sizes&quot;:[]},&quot;_transform_translateX_effect_hover&quot;:{&quot;unit&quot;:&quot;px&quot;,&quot;size&quot;:&quot;&quot;,&quot;sizes&quot;:[]},&quot;_transform_translateX_effect_hover_laptop&quot;:{&quot;unit&quot;:&quot;px&quot;,&quot;size&quot;:&quot;&quot;,&quot;sizes&quot;:[]},&quot;_transform_translateX_effect_hover_tablet_extra&quot;:{&quot;unit&quot;:&quot;px&quot;,&quot;size&quot;:&quot;&quot;,&quot;sizes&quot;:[]},&quot;_transform_translateX_effect_hover_tablet&quot;:{&quot;unit&quot;:&quot;px&quot;,&quot;size&quot;:&quot;&quot;,&quot;sizes&quot;:[]},&quot;_transform_translateX_effect_hover_mobile_extra&quot;:{&quot;unit&quot;:&quot;px&quot;,&quot;size&quot;:&quot;&quot;,&quot;sizes&quot;:[]},&quot;_transform_translateX_effect_hover_mobile&quot;:{&quot;unit&quot;:&quot;px&quot;,&quot;size&quot;:&quot;&quot;,&quot;sizes&quot;:[]},&quot;_transform_translateY_effect_hover_laptop&quot;:{&quot;unit&quot;:&quot;px&quot;,&quot;size&quot;:&quot;&quot;,&quot;sizes&quot;:[]},&quot;_transform_translateY_effect_hover_tablet_extra&quot;:{&quot;unit&quot;:&quot;px&quot;,&quot;size&quot;:&quot;&quot;,&quot;sizes&quot;:[]},&quot;_transform_translateY_effect_hover_tablet&quot;:{&quot;unit&quot;:&quot;px&quot;,&quot;size&quot;:&quot;&quot;,&quot;sizes&quot;:[]},&quot;_transform_translateY_effect_hover_mobile_extra&quot;:{&quot;unit&quot;:&quot;px&quot;,&quot;size&quot;:&quot;&quot;,&quot;sizes&quot;:[]},&quot;_transform_translateY_effect_hover_mobile&quot;:{&quot;unit&quot;:&quot;px&quot;,&quot;size&quot;:&quot;&quot;,&quot;sizes&quot;:[]}}\" data-widget_type=\"crafto-content-block.default\">\n\t\t\t\t<div class=\"elementor-widget-container\">\n\t\t\t\t\t\t\t\t<div class=\"content-block content-block-style-2\">\n\t\t\t\t\t\t\t\t<div class=\"elementor-icon\">\n\t\t\t\t\t<i aria-hidden=\"true\" class=\" solid-icon-Penguin\"><\/i>\t\t\t\t<\/div>\n\t\t\t\t\t\t\t\t\t\t<div class=\"content-wrap\">\n\t\t\t\t\t\t\t\t\t\t\t<div\t\t\t\tclass=\"title\">\n\t\t\t\t\t\t\t\t\t<a href=\"https:\/\/www.nexano.ch\/de\/zoos-und-tierpaerke-eintrittspreise-vergleich\/\" class=\"title-link\">\n\t\t\t\t\t\tZoos und Tierp\u00e4rke\t\t\t\t\t<\/a>\n\t\t\t\t\t\t\t\t\t<\/div>\n\t\t\t\t\t\t\t\t<div class=\"content\">\n\t\t\t\t\t<p>Vergleiche die Eintrittspreise f\u00fcr die beliebtesten Schweizer Zoos und Tierp\u00e4rke.<\/p>\t\t\t\t<\/div>\n\t\t\t\t\t\t\t\t\t\t<\/div>\n\t\t\t\t\t\t\t\t\t<\/div>\n\t\t\t\t\t\t\t<\/div>\n\t\t\t\t<\/div>\n\t\t\t\t<\/div>\n\t\t<div class=\" elementor-element elementor-element-616d7db e-con-full e-flex section-light e-con e-child\" data-id=\"616d7db\" data-element_type=\"container\" data-e-type=\"container\">\n\t\t\t\t<div class=\"elementor-element elementor-element-953395b elementor-position-left e-transform elementor-view-default elementor-widget elementor-widget-crafto-content-block\" data-id=\"953395b\" data-element_type=\"widget\" data-e-type=\"widget\" data-settings=\"{&quot;crafto_content_block_style&quot;:&quot;block-style-2&quot;,&quot;_transform_translateY_effect_hover&quot;:{&quot;unit&quot;:&quot;px&quot;,&quot;size&quot;:-3,&quot;sizes&quot;:[]},&quot;_transform_translateX_effect_hover&quot;:{&quot;unit&quot;:&quot;px&quot;,&quot;size&quot;:&quot;&quot;,&quot;sizes&quot;:[]},&quot;_transform_translateX_effect_hover_laptop&quot;:{&quot;unit&quot;:&quot;px&quot;,&quot;size&quot;:&quot;&quot;,&quot;sizes&quot;:[]},&quot;_transform_translateX_effect_hover_tablet_extra&quot;:{&quot;unit&quot;:&quot;px&quot;,&quot;size&quot;:&quot;&quot;,&quot;sizes&quot;:[]},&quot;_transform_translateX_effect_hover_tablet&quot;:{&quot;unit&quot;:&quot;px&quot;,&quot;size&quot;:&quot;&quot;,&quot;sizes&quot;:[]},&quot;_transform_translateX_effect_hover_mobile_extra&quot;:{&quot;unit&quot;:&quot;px&quot;,&quot;size&quot;:&quot;&quot;,&quot;sizes&quot;:[]},&quot;_transform_translateX_effect_hover_mobile&quot;:{&quot;unit&quot;:&quot;px&quot;,&quot;size&quot;:&quot;&quot;,&quot;sizes&quot;:[]},&quot;_transform_translateY_effect_hover_laptop&quot;:{&quot;unit&quot;:&quot;px&quot;,&quot;size&quot;:&quot;&quot;,&quot;sizes&quot;:[]},&quot;_transform_translateY_effect_hover_tablet_extra&quot;:{&quot;unit&quot;:&quot;px&quot;,&quot;size&quot;:&quot;&quot;,&quot;sizes&quot;:[]},&quot;_transform_translateY_effect_hover_tablet&quot;:{&quot;unit&quot;:&quot;px&quot;,&quot;size&quot;:&quot;&quot;,&quot;sizes&quot;:[]},&quot;_transform_translateY_effect_hover_mobile_extra&quot;:{&quot;unit&quot;:&quot;px&quot;,&quot;size&quot;:&quot;&quot;,&quot;sizes&quot;:[]},&quot;_transform_translateY_effect_hover_mobile&quot;:{&quot;unit&quot;:&quot;px&quot;,&quot;size&quot;:&quot;&quot;,&quot;sizes&quot;:[]}}\" data-widget_type=\"crafto-content-block.default\">\n\t\t\t\t<div class=\"elementor-widget-container\">\n\t\t\t\t\t\t\t\t<div class=\"content-block content-block-style-2\">\n\t\t\t\t\t\t\t\t<div class=\"elementor-icon\">\n\t\t\t\t\t<i aria-hidden=\"true\" class=\" solid-icon-Museum\"><\/i>\t\t\t\t<\/div>\n\t\t\t\t\t\t\t\t\t\t<div class=\"content-wrap\">\n\t\t\t\t\t\t\t\t\t\t\t<div\t\t\t\tclass=\"title\">\n\t\t\t\t\t\t\t\t\t<a href=\"https:\/\/www.nexano.ch\/de\/museen-eintrittspreise-vergleich\/\" class=\"title-link\">\n\t\t\t\t\t\tMuseen\t\t\t\t\t<\/a>\n\t\t\t\t\t\t\t\t\t<\/div>\n\t\t\t\t\t\t\t\t<div class=\"content\">\n\t\t\t\t\t<p>Vergleiche die Eintrittspreise f\u00fcr die beliebtesten Museen der Schweiz.<\/p>\t\t\t\t<\/div>\n\t\t\t\t\t\t\t\t\t\t<\/div>\n\t\t\t\t\t\t\t\t\t<\/div>\n\t\t\t\t\t\t\t<\/div>\n\t\t\t\t<\/div>\n\t\t\t\t<\/div>\n\t\t\t\t<\/div>\n\t\t\t\t\t<\/div>\n\t\t\t\t<\/div>\n\t\t\t\t<\/div>\n\t\t","protected":false},"excerpt":{"rendered":"<p>Medikamenten Preisvergleich Algifor Ibuprofen forte 400 Vergleiche die aktuellen Preise f\u00fcr Algifor Ibuprofen forte 400 mg, Filmtabletten, 10 Stk. in ausgew\u00e4hlten Schweizer Apotheken. Schon gewusst? Wir aktualisieren die Medikamenten Preise t\u00e4glich. Einige Apotheken und Drogerien haben unterschiedliche Verkaufspreise je nach Filiale oder verrechnen zus\u00e4tzliche Geb\u00fchren wie &#8222;Medikamenten-Check&#8220; oder &#8222;Bezugs-Check&#8220;. Nexano.ch &#8211; Vergleiche alles. Weitere Vergleiche [&hellip;]<\/p>\n","protected":false},"author":1,"featured_media":0,"parent":0,"menu_order":0,"comment_status":"closed","ping_status":"closed","template":"","meta":{"footnotes":""},"class_list":["post-9542","page","type-page","status-publish","hentry"],"_links":{"self":[{"href":"https:\/\/www.nexano.ch\/de\/wp-json\/wp\/v2\/pages\/9542","targetHints":{"allow":["GET"]}}],"collection":[{"href":"https:\/\/www.nexano.ch\/de\/wp-json\/wp\/v2\/pages"}],"about":[{"href":"https:\/\/www.nexano.ch\/de\/wp-json\/wp\/v2\/types\/page"}],"author":[{"embeddable":true,"href":"https:\/\/www.nexano.ch\/de\/wp-json\/wp\/v2\/users\/1"}],"replies":[{"embeddable":true,"href":"https:\/\/www.nexano.ch\/de\/wp-json\/wp\/v2\/comments?post=9542"}],"version-history":[{"count":4,"href":"https:\/\/www.nexano.ch\/de\/wp-json\/wp\/v2\/pages\/9542\/revisions"}],"predecessor-version":[{"id":9546,"href":"https:\/\/www.nexano.ch\/de\/wp-json\/wp\/v2\/pages\/9542\/revisions\/9546"}],"wp:attachment":[{"href":"https:\/\/www.nexano.ch\/de\/wp-json\/wp\/v2\/media?parent=9542"}],"curies":[{"name":"wp","href":"https:\/\/api.w.org\/{rel}","templated":true}]}}