{"id":9768,"date":"2026-02-13T11:30:35","date_gmt":"2026-02-13T10:30:35","guid":{"rendered":"https:\/\/www.nexano.ch\/?page_id=9768"},"modified":"2026-02-13T11:39:23","modified_gmt":"2026-02-13T10:39:23","slug":"trend-berechnung","status":"publish","type":"page","link":"https:\/\/www.nexano.ch\/de\/trend-berechnung\/","title":{"rendered":"Im Detail: Trend Berechnung"},"content":{"rendered":"\t\t<div data-elementor-type=\"wp-page\" data-elementor-id=\"9768\" class=\"elementor elementor-9768\">\n\t\t\t\t<div class=\" elementor-element elementor-element-384f687 e-flex e-con-boxed section-light e-con e-parent\" data-id=\"384f687\" data-element_type=\"container\" data-e-type=\"container\">\n\t\t\t\t\t<div class=\"e-con-inner\">\n\t\t<div class=\" elementor-element elementor-element-fc07071 e-con-full e-flex section-light e-con e-child\" data-id=\"fc07071\" data-element_type=\"container\" data-e-type=\"container\" data-settings=\"{&quot;background_background&quot;:&quot;classic&quot;}\">\n\t\t<div class=\"entrance-animation  elementor-element elementor-element-9648ee6 e-con-full e-flex section-light e-con e-child\" data-anime=\"{&quot;duration&quot;:600,&quot;delay&quot;:100,&quot;staggervalue&quot;:300,&quot;easing&quot;:&quot;easeOutQuad&quot;,&quot;targets&quot;:&quot;.elementor-element-9648ee6.entrance-animation&gt; .e-child,.elementor-element-9648ee6.entrance-animation&gt; .e-con-inner &gt; .e-con-full.e-child,.elementor-element-9648ee6.entrance-animation&gt; .elementor-widget,.elementor-element-9648ee6.entrance-animation&gt; .e-con-inner &gt; .elementor-widget&quot;,&quot;opacity&quot;:[0,1],&quot;translateY&quot;:[30,0]}\" data-id=\"9648ee6\" data-element_type=\"container\" data-e-type=\"container\">\n\t\t\t\t<div class=\"elementor-element elementor-element-1204033 elementor-widget__width-initial elementor-widget elementor-widget-crafto-heading\" data-id=\"1204033\" data-element_type=\"widget\" data-e-type=\"widget\" data-widget_type=\"crafto-heading.default\">\n\t\t\t\t<div class=\"elementor-widget-container\">\n\t\t\t\t\t<span class=\"crafto-heading\"><span class=\"crafto-primary-title\">Wissenswertes zum Zahlensalat<\/span><\/span>\t\t\t\t<\/div>\n\t\t\t\t<\/div>\n\t\t\t\t<div class=\"elementor-element elementor-element-0213813 elementor-widget elementor-widget-crafto-heading\" data-id=\"0213813\" data-element_type=\"widget\" data-e-type=\"widget\" data-widget_type=\"crafto-heading.default\">\n\t\t\t\t<div class=\"elementor-widget-container\">\n\t\t\t\t\t<h2 class=\"crafto-heading\"><span class=\"crafto-primary-title\">Trend Berechnung<\/span><\/h2>\t\t\t\t<\/div>\n\t\t\t\t<\/div>\n\t\t\t\t<\/div>\n\t\t<div class=\"entrance-animation  elementor-element elementor-element-3a4ce97 e-con-full e-flex section-light e-con e-child\" data-anime=\"{&quot;duration&quot;:600,&quot;delay&quot;:500,&quot;staggervalue&quot;:300,&quot;easing&quot;:&quot;easeOutQuad&quot;,&quot;opacity&quot;:[0,1],&quot;translateY&quot;:[30,0]}\" data-id=\"3a4ce97\" data-element_type=\"container\" data-e-type=\"container\">\n\t\t\t\t<div class=\"elementor-element elementor-element-cbf14b2 elementor-widget elementor-widget-crafto-text-editor\" data-id=\"cbf14b2\" data-element_type=\"widget\" data-e-type=\"widget\" data-widget_type=\"crafto-text-editor.default\">\n\t\t\t\t<div class=\"elementor-widget-container\">\n\t\t\t\t\t\t\t\t<div class=\"text-editor\">\n\t\t\t\t<div class=\"text-editor-content\">\n\t\t\t\t\t<p>Wir bei Nexano zerbrechen uns t\u00e4glich dar\u00fcber den Kopf, wie wir aus unserem Zahlensalat n\u00fctzliche Daten f\u00fcr unsere Besucherinnen und Besucher aufbereiten k\u00f6nnen. Bei vielen unserer Finanz-Vergleiche blenden wir eine \"Trend Grafik\" ein. Diese Daten berechnen wir wie folgt:<\/p><ul><li><b data-path-to-node=\"5,2,0,0\" data-index-in-node=\"0\">Gegl\u00e4ttete Werte:<\/b> Wir berechnen den gleitenden Durchschnitt der letzten drei Monate, um Volatilit\u00e4t zu reduzieren.<\/li><li><b data-path-to-node=\"5,2,1,0\" data-index-in-node=\"0\">Datenbasis:<\/b> Wir ber\u00fccksichtigen die Referenzzinss\u00e4tze aller Anbieter im Vergleich.<\/li><li><b data-path-to-node=\"5,2,2,0\" data-index-in-node=\"0\">Aktualit\u00e4t:<\/b> Die Referenzzinss\u00e4tze werden t\u00e4glich aktualisiert.<\/li><\/ul><p><strong>Beachte:<\/strong> Der Zinstrend dient lediglich der Veranschaulichung der vergangenen Marktentwicklung und stellt keine Finanzberatung dar. Ergebnisse aus der Vergangenheit lassen keine R\u00fcckschl\u00fcsse auf die zuk\u00fcnftige Zinsentwicklung zu.<\/p>\t\t\t\t<\/div>\n\t\t\t<\/div>\n\t\t\t\t\t\t\t<\/div>\n\t\t\t\t<\/div>\n\t\t\t\t<\/div>\n\t\t\t\t<\/div>\n\t\t\t\t\t<\/div>\n\t\t\t\t<\/div>\n\t\t<div class=\" elementor-element elementor-element-e43160d e-flex e-con-boxed section-light e-con e-parent\" data-id=\"e43160d\" data-element_type=\"container\" data-e-type=\"container\">\n\t\t\t\t\t<div class=\"e-con-inner\">\n\t\t\t\t<div data-bottom-top=\"transform: translateY(-80px)\" data-top-bottom=\"transform: translateY(80px)\" class=\"elementor-element elementor-element-b81a229 elementor-absolute elementor-widget elementor-widget-crafto-image\" data-id=\"b81a229\" data-element_type=\"widget\" data-e-type=\"widget\" data-settings=\"{&quot;_position&quot;:&quot;absolute&quot;}\" data-widget_type=\"crafto-image.default\">\n\t\t\t\t<div class=\"elementor-widget-container\">\n\t\t\t\t\t\t\t\t<div class=\"crafto-image-wrapper\">\n\t\t\t\t\t\t\t\t<div class=\"image-box\">\n\t\t\t\t\t<div class=\"image-wrapper\">\n\t\t\t\t\t\t<img fetchpriority=\"high\" decoding=\"async\" width=\"350\" height=\"350\" src=\"https:\/\/www.nexano.ch\/wp-content\/uploads\/2026\/01\/demo-web-agency-people-02.png\" class=\"elementor-animation-\" alt=\"demo-web-agency-people-02.png\" \/>\t\t\t\t\t<\/div>\n\t\t\t\t<\/div>\n\t\t\t\t\t\t\t<\/div>\n\t\t\t\t\t\t\t<\/div>\n\t\t\t\t<\/div>\n\t\t<div class=\" elementor-element elementor-element-e965503 e-con-full e-flex section-light e-con e-child\" data-id=\"e965503\" data-element_type=\"container\" data-e-type=\"container\">\n\t\t<div class=\" elementor-element elementor-element-27ea59a e-con-full e-flex section-light e-con e-child\" data-id=\"27ea59a\" data-element_type=\"container\" data-e-type=\"container\">\n\t\t\t\t<div class=\"elementor-element elementor-element-3810e3a elementor-widget elementor-widget-crafto-image\" data-id=\"3810e3a\" data-element_type=\"widget\" data-e-type=\"widget\" data-widget_type=\"crafto-image.default\">\n\t\t\t\t<div class=\"elementor-widget-container\">\n\t\t\t\t\t\t\t\t<div class=\"crafto-image-wrapper\">\n\t\t\t\t\t\t\t\t<div class=\"image-box\">\n\t\t\t\t\t<div class=\"image-wrapper\">\n\t\t\t\t\t\t<img decoding=\"async\" width=\"600\" height=\"530\" src=\"https:\/\/www.nexano.ch\/wp-content\/uploads\/2026\/01\/nexano_sepp_600x600-600x530.png\" class=\"elementor-animation-\" alt=\"nexano_sepp_600x600\" \/>\t\t\t\t\t<\/div>\n\t\t\t\t<\/div>\n\t\t\t\t\t\t\t<\/div>\n\t\t\t\t\t\t\t<\/div>\n\t\t\t\t<\/div>\n\t\t\t\t<\/div>\n\t\t<div class=\" elementor-element elementor-element-bbfd8f6 e-con-full e-flex section-light e-con e-child\" data-id=\"bbfd8f6\" data-element_type=\"container\" data-e-type=\"container\">\n\t\t\t\t<div class=\"elementor-element elementor-element-0023b91 elementor-view-stacked elementor-position-left elementor-vertical-align-middle elementor-shape-circle elementor-widget elementor-widget-crafto-icon-box\" data-id=\"0023b91\" data-element_type=\"widget\" data-e-type=\"widget\" data-widget_type=\"crafto-icon-box.default\">\n\t\t\t\t<div class=\"elementor-widget-container\">\n\t\t\t\t\t\t\t\t<div class=\"elementor-icon-box-wrapper crafto-icon-box-wrapper\">\n\t\t\t\t\t\t\t\t\t<div class=\"elementor-icon-box-icon \">\n\t\t\t\t\t\t\t\t\t\t<span class=\"elementor-icon elementor-animation-\" >\n\t\t\t\t<i aria-hidden=\"true\" class=\"fa-solid fa-heart\"><\/i>\t\t\t\t<\/span>\n\t\t\t\t\t\t\t\t\t<\/div>\n\t\t\t\t\t\t\t\t\t<div class=\"elementor-icon-box-content\">\n\t\t\t\t\t\t\t\t\t\t\t<span class=\"elementor-icon-box-title\">\n\t\t\t\t\t\t\t<span >\n\t\t\t\t\t\t\tSchon gewusst?\t\t\t\t\t\t\t<\/span>\n\t\t\t\t\t\t<\/span>\n\t\t\t\t\t\t\t\t\t\t<\/div>\n\t\t\t<\/div>\n\t\t\t\t\t\t\t<\/div>\n\t\t\t\t<\/div>\n\t\t\t\t<div class=\"elementor-element elementor-element-8880897 elementor-widget elementor-widget-crafto-heading\" data-id=\"8880897\" data-element_type=\"widget\" data-e-type=\"widget\" data-widget_type=\"crafto-heading.default\">\n\t\t\t\t<div class=\"elementor-widget-container\">\n\t\t\t\t\t<h5 class=\"crafto-heading\"><span class=\"crafto-primary-title\">Der gleitende 3-Monats-Durchschnitt gl\u00e4ttet kurzfristige Marktschwankungen und macht den Zinstrend im vergangenen Quartal sichtbar. <\/span><\/h5>\t\t\t\t<\/div>\n\t\t\t\t<\/div>\n\t\t\t\t<div class=\"elementor-element elementor-element-b838a39 elementor-widget elementor-widget-crafto-heading\" data-id=\"b838a39\" data-element_type=\"widget\" data-e-type=\"widget\" data-widget_type=\"crafto-heading.default\">\n\t\t\t\t<div class=\"elementor-widget-container\">\n\t\t\t\t\t<div class=\"crafto-heading no-shadow-animation\"><span class=\"crafto-primary-title\">Nexano.ch - <span class=\"separator\"> Vergleiche alles.<\/span><\/span><\/div>\t\t\t\t<\/div>\n\t\t\t\t<\/div>\n\t\t\t\t<\/div>\n\t\t\t\t<div class=\"elementor-element elementor-element-e5a3b3f elementor-absolute elementor-widget elementor-widget-crafto-image\" data-id=\"e5a3b3f\" data-element_type=\"widget\" data-e-type=\"widget\" data-settings=\"{&quot;_position&quot;:&quot;absolute&quot;}\" data-widget_type=\"crafto-image.default\">\n\t\t\t\t<div class=\"elementor-widget-container\">\n\t\t\t\t\t\t\t\t<div class=\"crafto-image-wrapper\">\n\t\t\t\t\t\t\t\t<div class=\"image-box\">\n\t\t\t\t\t<div class=\"image-wrapper\">\n\t\t\t\t\t\t<img decoding=\"async\" width=\"96\" height=\"70\" src=\"https:\/\/www.nexano.ch\/wp-content\/uploads\/2026\/01\/demo-web-agency-people-06.png\" class=\"elementor-animation-\" alt=\"demo-web-agency-people-06.png\" \/>\t\t\t\t\t<\/div>\n\t\t\t\t<\/div>\n\t\t\t\t\t\t\t<\/div>\n\t\t\t\t\t\t\t<\/div>\n\t\t\t\t<\/div>\n\t\t\t\t<\/div>\n\t\t\t\t\t<\/div>\n\t\t\t\t<\/div>\n\t\t\t\t<\/div>\n\t\t","protected":false},"excerpt":{"rendered":"<p>Wissenswertes zum Zahlensalat Trend Berechnung Wir bei Nexano zerbrechen uns t\u00e4glich dar\u00fcber den Kopf, wie wir aus unserem Zahlensalat n\u00fctzliche Daten f\u00fcr unsere Besucherinnen und Besucher aufbereiten k\u00f6nnen. Bei vielen unserer Finanz-Vergleiche blenden wir eine &#8222;Trend Grafik&#8220; ein. Diese Daten berechnen wir wie folgt: Gegl\u00e4ttete Werte: Wir berechnen den gleitenden Durchschnitt der letzten drei Monate, [&hellip;]<\/p>\n","protected":false},"author":1,"featured_media":0,"parent":0,"menu_order":0,"comment_status":"closed","ping_status":"closed","template":"","meta":{"footnotes":""},"class_list":["post-9768","page","type-page","status-publish","hentry"],"_links":{"self":[{"href":"https:\/\/www.nexano.ch\/de\/wp-json\/wp\/v2\/pages\/9768","targetHints":{"allow":["GET"]}}],"collection":[{"href":"https:\/\/www.nexano.ch\/de\/wp-json\/wp\/v2\/pages"}],"about":[{"href":"https:\/\/www.nexano.ch\/de\/wp-json\/wp\/v2\/types\/page"}],"author":[{"embeddable":true,"href":"https:\/\/www.nexano.ch\/de\/wp-json\/wp\/v2\/users\/1"}],"replies":[{"embeddable":true,"href":"https:\/\/www.nexano.ch\/de\/wp-json\/wp\/v2\/comments?post=9768"}],"version-history":[{"count":9,"href":"https:\/\/www.nexano.ch\/de\/wp-json\/wp\/v2\/pages\/9768\/revisions"}],"predecessor-version":[{"id":9780,"href":"https:\/\/www.nexano.ch\/de\/wp-json\/wp\/v2\/pages\/9768\/revisions\/9780"}],"wp:attachment":[{"href":"https:\/\/www.nexano.ch\/de\/wp-json\/wp\/v2\/media?parent=9768"}],"curies":[{"name":"wp","href":"https:\/\/api.w.org\/{rel}","templated":true}]}}