{"id":10634,"date":"2026-03-07T16:05:15","date_gmt":"2026-03-07T15:05:15","guid":{"rendered":"https:\/\/www.nexano.ch\/en-detail-calcul-du-zins-check\/"},"modified":"2026-03-07T16:15:35","modified_gmt":"2026-03-07T15:15:35","slug":"en-detail-calcul-du-zins-check","status":"publish","type":"page","link":"https:\/\/www.nexano.ch\/fr\/en-detail-calcul-du-zins-check\/","title":{"rendered":"En d\u00e9tail : calcul du Zins-Check"},"content":{"rendered":"\t\t<div data-elementor-type=\"wp-page\" data-elementor-id=\"10634\" class=\"elementor elementor-10634 elementor-10621\">\n\t\t\t\t<div class=\" elementor-element elementor-element-860570f e-flex e-con-boxed section-light e-con e-parent\" data-id=\"860570f\" data-element_type=\"container\" data-e-type=\"container\">\n\t\t\t\t\t<div class=\"e-con-inner\">\n\t\t<div class=\" elementor-element elementor-element-80da3bb e-con-full e-flex section-light e-con e-child\" data-id=\"80da3bb\" data-element_type=\"container\" data-e-type=\"container\" data-settings=\"{&quot;background_background&quot;:&quot;classic&quot;}\">\n\t\t<div class=\"entrance-animation  elementor-element elementor-element-e6076a2 e-con-full e-flex section-light e-con e-child\" data-anime=\"{&quot;duration&quot;:600,&quot;delay&quot;:100,&quot;staggervalue&quot;:300,&quot;easing&quot;:&quot;easeOutQuad&quot;,&quot;targets&quot;:&quot;.elementor-element-e6076a2.entrance-animation&gt; .e-child,.elementor-element-e6076a2.entrance-animation&gt; .e-con-inner &gt; .e-con-full.e-child,.elementor-element-e6076a2.entrance-animation&gt; .elementor-widget,.elementor-element-e6076a2.entrance-animation&gt; .e-con-inner &gt; .elementor-widget&quot;,&quot;opacity&quot;:[0,1],&quot;translateY&quot;:[30,0]}\" data-id=\"e6076a2\" data-element_type=\"container\" data-e-type=\"container\">\n\t\t\t\t<div class=\"elementor-element elementor-element-10942b1 elementor-widget__width-initial elementor-widget elementor-widget-crafto-heading\" data-id=\"10942b1\" data-element_type=\"widget\" data-e-type=\"widget\" data-widget_type=\"crafto-heading.default\">\n\t\t\t\t<div class=\"elementor-widget-container\">\n\t\t\t\t\t<span class=\"crafto-heading\"><span class=\"crafto-primary-title\">\u00c0 savoir sur le salmigondis de chiffres<\/span><\/span>\t\t\t\t<\/div>\n\t\t\t\t<\/div>\n\t\t\t\t<div class=\"elementor-element elementor-element-9263713 elementor-widget elementor-widget-crafto-heading\" data-id=\"9263713\" data-element_type=\"widget\" data-e-type=\"widget\" data-widget_type=\"crafto-heading.default\">\n\t\t\t\t<div class=\"elementor-widget-container\">\n\t\t\t\t\t<h2 class=\"crafto-heading\"><span class=\"crafto-primary-title\">Calcul du Zins-Check<\/span><\/h2>\t\t\t\t<\/div>\n\t\t\t\t<\/div>\n\t\t\t\t<\/div>\n\t\t<div class=\"entrance-animation  elementor-element elementor-element-fc6ce90 e-con-full e-flex section-light e-con e-child\" data-anime=\"{&quot;duration&quot;:600,&quot;delay&quot;:500,&quot;staggervalue&quot;:300,&quot;easing&quot;:&quot;easeOutQuad&quot;,&quot;opacity&quot;:[0,1],&quot;translateY&quot;:[30,0]}\" data-id=\"fc6ce90\" data-element_type=\"container\" data-e-type=\"container\">\n\t\t\t\t<div class=\"elementor-element elementor-element-d150e34 elementor-widget elementor-widget-crafto-text-editor\" data-id=\"d150e34\" data-element_type=\"widget\" data-e-type=\"widget\" data-widget_type=\"crafto-text-editor.default\">\n\t\t\t\t<div class=\"elementor-widget-container\">\n\t\t\t\t\t\t\t\t<div class=\"text-editor\">\n\t\t\t\t<div class=\"text-editor-content\">\n\t\t\t\t\t<p>Chez Nexano, nous nous creusons la t\u00eate chaque jour pour transformer notre salade de chiffres en donn\u00e9es utiles pour nos visiteuses et visiteurs. Dans nombre de nos comparatifs financiers, nous affichons un \u00ab Zins-Check \u00bb. Nous calculons ces donn\u00e9es comme suit :  <\/p><ul><li><b data-path-to-node=\"5,2,0,0\" data-index-in-node=\"0\"><img decoding=\"async\" class=\"alignnone size-full wp-image-10616\" src=\"https:\/\/www.nexano.ch\/wp-content\/uploads\/2026\/03\/sonnig.png\" alt=\"sonnig\" width=\"32\" height=\"32\"><\/b> Indique le taux d\u2019int\u00e9r\u00eat actuellement le plus avantageux parmi tous les prestataires du comparatif.<\/li><li><b data-path-to-node=\"5,2,1,0\" data-index-in-node=\"0\"><img decoding=\"async\" class=\"alignnone size-full wp-image-10617\" src=\"https:\/\/www.nexano.ch\/wp-content\/uploads\/2026\/03\/wolkig.png\" alt=\"wolkig\" width=\"32\" height=\"32\"><\/b> Indique le taux d\u2019int\u00e9r\u00eat moyen actuel de tous les prestataires du comparatif.<\/li><li><img decoding=\"async\" class=\"alignnone size-full wp-image-10615\" src=\"https:\/\/www.nexano.ch\/wp-content\/uploads\/2026\/03\/regnerisch.png\" alt=\"regnerisch\" width=\"32\" height=\"32\"> Indique le taux d\u2019int\u00e9r\u00eat actuellement le moins avantageux parmi tous les prestataires du comparatif.<\/li><li><img loading=\"lazy\" decoding=\"async\" class=\"alignnone size-full wp-image-10614\" src=\"https:\/\/www.nexano.ch\/wp-content\/uploads\/2026\/03\/datum.png\" alt=\"datum\" width=\"32\" height=\"32\"> Date de la base de donn\u00e9es.<\/li><\/ul><p><strong>Remarque :<\/strong> Toutes les informations sont fournies sans garantie. Le Zins-Check sert uniquement \u00e0 illustrer l\u2019\u00e9volution actuelle du march\u00e9 et ne constitue pas un conseil financier. Pour les hypoth\u00e8ques, les taux d\u2019int\u00e9r\u00eat effectifs peuvent varier en fonction de facteurs individuels (capacit\u00e9 financi\u00e8re, quotit\u00e9 de financement, solvabilit\u00e9, etc.).  <\/p>\t\t\t\t<\/div>\n\t\t\t<\/div>\n\t\t\t\t\t\t\t<\/div>\n\t\t\t\t<\/div>\n\t\t\t\t<\/div>\n\t\t\t\t<\/div>\n\t\t\t\t\t<\/div>\n\t\t\t\t<\/div>\n\t\t<div class=\" elementor-element elementor-element-05732e8 e-flex e-con-boxed section-light e-con e-parent\" data-id=\"05732e8\" data-element_type=\"container\" data-e-type=\"container\">\n\t\t\t\t\t<div class=\"e-con-inner\">\n\t\t\t\t<div data-bottom-top=\"transform: translateY(-80px)\" data-top-bottom=\"transform: translateY(80px)\" class=\"elementor-element elementor-element-6281190 elementor-absolute elementor-widget elementor-widget-crafto-image\" data-id=\"6281190\" data-element_type=\"widget\" data-e-type=\"widget\" data-settings=\"{&quot;_position&quot;:&quot;absolute&quot;}\" data-widget_type=\"crafto-image.default\">\n\t\t\t\t<div class=\"elementor-widget-container\">\n\t\t\t\t\t\t\t\t<div class=\"crafto-image-wrapper\">\n\t\t\t\t\t\t\t\t<div class=\"image-box\">\n\t\t\t\t\t<div class=\"image-wrapper\">\n\t\t\t\t\t\t<img loading=\"lazy\" decoding=\"async\" width=\"350\" height=\"350\" src=\"https:\/\/www.nexano.ch\/wp-content\/uploads\/2026\/01\/demo-web-agency-people-02.png\" class=\"elementor-animation-\" alt=\"demo-web-agency-people-02.png\" \/>\t\t\t\t\t<\/div>\n\t\t\t\t<\/div>\n\t\t\t\t\t\t\t<\/div>\n\t\t\t\t\t\t\t<\/div>\n\t\t\t\t<\/div>\n\t\t<div class=\" elementor-element elementor-element-a76ab36 e-con-full e-flex section-light e-con e-child\" data-id=\"a76ab36\" data-element_type=\"container\" data-e-type=\"container\">\n\t\t<div class=\" elementor-element elementor-element-9a851ab e-con-full e-flex section-light e-con e-child\" data-id=\"9a851ab\" data-element_type=\"container\" data-e-type=\"container\">\n\t\t\t\t<div class=\"elementor-element elementor-element-9ea2fd3 elementor-widget elementor-widget-crafto-image\" data-id=\"9ea2fd3\" data-element_type=\"widget\" data-e-type=\"widget\" data-widget_type=\"crafto-image.default\">\n\t\t\t\t<div class=\"elementor-widget-container\">\n\t\t\t\t\t\t\t\t<div class=\"crafto-image-wrapper\">\n\t\t\t\t\t\t\t\t<div class=\"image-box\">\n\t\t\t\t\t<div class=\"image-wrapper\">\n\t\t\t\t\t\t<img loading=\"lazy\" decoding=\"async\" width=\"600\" height=\"530\" src=\"https:\/\/www.nexano.ch\/wp-content\/uploads\/2026\/01\/nexano_sepp_600x600-600x530.png\" class=\"elementor-animation-\" alt=\"nexano_sepp_600x600\" \/>\t\t\t\t\t<\/div>\n\t\t\t\t<\/div>\n\t\t\t\t\t\t\t<\/div>\n\t\t\t\t\t\t\t<\/div>\n\t\t\t\t<\/div>\n\t\t\t\t<\/div>\n\t\t<div class=\" elementor-element elementor-element-a4c8c93 e-con-full e-flex section-light e-con e-child\" data-id=\"a4c8c93\" data-element_type=\"container\" data-e-type=\"container\">\n\t\t\t\t<div class=\"elementor-element elementor-element-22f6544 elementor-view-stacked elementor-position-left elementor-vertical-align-middle elementor-shape-circle elementor-widget elementor-widget-crafto-icon-box\" data-id=\"22f6544\" data-element_type=\"widget\" data-e-type=\"widget\" data-widget_type=\"crafto-icon-box.default\">\n\t\t\t\t<div class=\"elementor-widget-container\">\n\t\t\t\t\t\t\t\t<div class=\"elementor-icon-box-wrapper crafto-icon-box-wrapper\">\n\t\t\t\t\t\t\t\t\t<div class=\"elementor-icon-box-icon \">\n\t\t\t\t\t\t\t\t\t\t<span class=\"elementor-icon elementor-animation-\" >\n\t\t\t\t<i aria-hidden=\"true\" class=\"fa-solid fa-heart\"><\/i>\t\t\t\t<\/span>\n\t\t\t\t\t\t\t\t\t<\/div>\n\t\t\t\t\t\t\t\t\t<div class=\"elementor-icon-box-content\">\n\t\t\t\t\t\t\t\t\t\t\t<span class=\"elementor-icon-box-title\">\n\t\t\t\t\t\t\t<span >\n\t\t\t\t\t\t\tLe saviez-vous&nbsp;?\t\t\t\t\t\t\t<\/span>\n\t\t\t\t\t\t<\/span>\n\t\t\t\t\t\t\t\t\t\t<\/div>\n\t\t\t<\/div>\n\t\t\t\t\t\t\t<\/div>\n\t\t\t\t<\/div>\n\t\t\t\t<div class=\"elementor-element elementor-element-61c21bc elementor-widget elementor-widget-crafto-heading\" data-id=\"61c21bc\" data-element_type=\"widget\" data-e-type=\"widget\" data-widget_type=\"crafto-heading.default\">\n\t\t\t\t<div class=\"elementor-widget-container\">\n\t\t\t\t\t<h5 class=\"crafto-heading\"><span class=\"crafto-primary-title\">Notre Zins-Check fonctionne comme un bulletin m\u00e9t\u00e9o. Ensoleill\u00e9 ? Vous profitez g\u00e9n\u00e9ralement de taux avantageux. Pluvieux ? Il peut \u00eatre judicieux de demander encore d\u2019autres offres.    <\/span><\/h5>\t\t\t\t<\/div>\n\t\t\t\t<\/div>\n\t\t\t\t<div class=\"elementor-element elementor-element-f7daf88 elementor-widget elementor-widget-crafto-heading\" data-id=\"f7daf88\" data-element_type=\"widget\" data-e-type=\"widget\" data-widget_type=\"crafto-heading.default\">\n\t\t\t\t<div class=\"elementor-widget-container\">\n\t\t\t\t\t<div class=\"crafto-heading no-shadow-animation\"><span class=\"crafto-primary-title\">Nexano.ch - <span class=\"separator\">Comparez tout.<\/span><\/span><\/div>\t\t\t\t<\/div>\n\t\t\t\t<\/div>\n\t\t\t\t<\/div>\n\t\t\t\t<div class=\"elementor-element elementor-element-c9dcadb elementor-absolute elementor-widget elementor-widget-crafto-image\" data-id=\"c9dcadb\" data-element_type=\"widget\" data-e-type=\"widget\" data-settings=\"{&quot;_position&quot;:&quot;absolute&quot;}\" data-widget_type=\"crafto-image.default\">\n\t\t\t\t<div class=\"elementor-widget-container\">\n\t\t\t\t\t\t\t\t<div class=\"crafto-image-wrapper\">\n\t\t\t\t\t\t\t\t<div class=\"image-box\">\n\t\t\t\t\t<div class=\"image-wrapper\">\n\t\t\t\t\t\t<img loading=\"lazy\" decoding=\"async\" width=\"96\" height=\"70\" src=\"https:\/\/www.nexano.ch\/wp-content\/uploads\/2026\/01\/demo-web-agency-people-06.png\" class=\"elementor-animation-\" alt=\"demo-web-agency-people-06.png\" \/>\t\t\t\t\t<\/div>\n\t\t\t\t<\/div>\n\t\t\t\t\t\t\t<\/div>\n\t\t\t\t\t\t\t<\/div>\n\t\t\t\t<\/div>\n\t\t\t\t<\/div>\n\t\t\t\t\t<\/div>\n\t\t\t\t<\/div>\n\t\t\t\t<\/div>\n\t\t","protected":false},"excerpt":{"rendered":"<p>\u00c0 savoir sur le salmigondis de chiffres Calcul du Zins-Check Chez Nexano, nous nous creusons la t\u00eate chaque jour pour transformer notre salade de chiffres en donn\u00e9es utiles pour nos visiteuses et visiteurs. Dans nombre de nos comparatifs financiers, nous affichons un \u00ab Zins-Check \u00bb. Nous calculons ces donn\u00e9es comme suit : Indique le taux [&hellip;]<\/p>\n","protected":false},"author":1,"featured_media":0,"parent":0,"menu_order":0,"comment_status":"closed","ping_status":"closed","template":"","meta":{"footnotes":""},"class_list":["post-10634","page","type-page","status-publish","hentry"],"_links":{"self":[{"href":"https:\/\/www.nexano.ch\/fr\/wp-json\/wp\/v2\/pages\/10634","targetHints":{"allow":["GET"]}}],"collection":[{"href":"https:\/\/www.nexano.ch\/fr\/wp-json\/wp\/v2\/pages"}],"about":[{"href":"https:\/\/www.nexano.ch\/fr\/wp-json\/wp\/v2\/types\/page"}],"author":[{"embeddable":true,"href":"https:\/\/www.nexano.ch\/fr\/wp-json\/wp\/v2\/users\/1"}],"replies":[{"embeddable":true,"href":"https:\/\/www.nexano.ch\/fr\/wp-json\/wp\/v2\/comments?post=10634"}],"version-history":[{"count":1,"href":"https:\/\/www.nexano.ch\/fr\/wp-json\/wp\/v2\/pages\/10634\/revisions"}],"predecessor-version":[{"id":10635,"href":"https:\/\/www.nexano.ch\/fr\/wp-json\/wp\/v2\/pages\/10634\/revisions\/10635"}],"wp:attachment":[{"href":"https:\/\/www.nexano.ch\/fr\/wp-json\/wp\/v2\/media?parent=10634"}],"curies":[{"name":"wp","href":"https:\/\/api.w.org\/{rel}","templated":true}]}}