{"id":8800,"date":"2025-09-21T06:50:47","date_gmt":"2025-09-21T04:50:47","guid":{"rendered":"https:\/\/www.nexano.ch\/comparaison-des-prix-dentree-adultes-parcs-de-loisirs\/"},"modified":"2026-01-12T11:20:29","modified_gmt":"2026-01-12T10:20:29","slug":"comparaison-des-prix-dentree-adultes-parcs-de-loisirs","status":"publish","type":"page","link":"https:\/\/www.nexano.ch\/fr\/comparaison-des-prix-dentree-adultes-parcs-de-loisirs\/","title":{"rendered":"Comparaison des prix d&rsquo;entr\u00e9e adultes : parcs de loisirs"},"content":{"rendered":"\t\t<div data-elementor-type=\"wp-page\" data-elementor-id=\"8800\" class=\"elementor elementor-8800 elementor-8783\">\n\t\t\t\t<div class=\" elementor-element elementor-element-dabaadd e-flex e-con-boxed section-light e-con e-child\" data-id=\"dabaadd\" data-element_type=\"container\" data-e-type=\"container\" data-settings=\"{&quot;background_background&quot;:&quot;classic&quot;}\">\n\t\t\t\t\t<div class=\"e-con-inner\">\n\t\t<div class=\"entrance-animation  elementor-element elementor-element-f509ee9 e-con-full e-flex section-light e-con e-child\" data-anime=\"{&quot;duration&quot;:600,&quot;staggervalue&quot;:300,&quot;easing&quot;:&quot;easeOutQuad&quot;,&quot;targets&quot;:&quot;.elementor-element-f509ee9.entrance-animation&gt; .e-child,.elementor-element-f509ee9.entrance-animation&gt; .e-con-inner &gt; .e-con-full.e-child,.elementor-element-f509ee9.entrance-animation&gt; .elementor-widget,.elementor-element-f509ee9.entrance-animation&gt; .e-con-inner &gt; .elementor-widget&quot;,&quot;opacity&quot;:[0,1],&quot;translateY&quot;:[50,0]}\" data-id=\"f509ee9\" data-element_type=\"container\" data-e-type=\"container\">\n\t\t\t\t<div class=\"elementor-element elementor-element-c24517d elementor-widget__width-initial elementor-widget elementor-widget-crafto-heading\" data-id=\"c24517d\" data-element_type=\"widget\" data-e-type=\"widget\" data-widget_type=\"crafto-heading.default\">\n\t\t\t\t<div class=\"elementor-widget-container\">\n\t\t\t\t\t<span class=\"crafto-heading\"><span class=\"crafto-primary-title\">Prix d\u2019entr\u00e9e pour adultes\n<\/span><\/span>\t\t\t\t<\/div>\n\t\t\t\t<\/div>\n\t\t\t\t<div class=\"elementor-element elementor-element-b37a990 elementor-widget elementor-widget-crafto-heading\" data-id=\"b37a990\" data-element_type=\"widget\" data-e-type=\"widget\" data-widget_type=\"crafto-heading.default\">\n\t\t\t\t<div class=\"elementor-widget-container\">\n\t\t\t\t\t<h2 class=\"crafto-heading\"><span class=\"crafto-primary-title\">Parcs de loisirs suisses\n<\/span><\/h2>\t\t\t\t<\/div>\n\t\t\t\t<\/div>\n\t\t\t\t<\/div>\n\t\t<div class=\"entrance-animation  elementor-element elementor-element-8909a21 e-con-full e-flex section-light e-con e-child\" data-anime=\"{&quot;duration&quot;:600,&quot;staggervalue&quot;:300,&quot;easing&quot;:&quot;easeOutQuad&quot;,&quot;targets&quot;:&quot;.elementor-element-8909a21.entrance-animation&gt; .e-child,.elementor-element-8909a21.entrance-animation&gt; .e-con-inner &gt; .e-con-full.e-child,.elementor-element-8909a21.entrance-animation&gt; .elementor-widget,.elementor-element-8909a21.entrance-animation&gt; .e-con-inner &gt; .elementor-widget&quot;,&quot;opacity&quot;:[0,1],&quot;translateY&quot;:[50,0]}\" data-id=\"8909a21\" data-element_type=\"container\" data-e-type=\"container\">\n\t\t\t\t<div class=\"elementor-element elementor-element-0a3127d elementor-widget elementor-widget-crafto-text-editor\" data-id=\"0a3127d\" data-element_type=\"widget\" data-e-type=\"widget\" data-widget_type=\"crafto-text-editor.default\">\n\t\t\t\t<div class=\"elementor-widget-container\">\n\t\t\t\t\t\t\t\t<div class=\"text-editor\">\n\t\t\t\t<div class=\"text-editor-content\">\n\t\t\t\t\t<p>Comparez les prix d\u2019entr\u00e9e actuels pour adultes dans les parcs d\u2019attractions les plus populaires de Suisse.<\/p>\t\t\t\t<\/div>\n\t\t\t<\/div>\n\t\t\t\t\t\t\t<\/div>\n\t\t\t\t<\/div>\n\t\t\t\t<\/div>\n\t\t<div class=\"entrance-animation  elementor-element elementor-element-929645c e-con-full e-flex section-light e-con e-child\" data-anime=\"{&quot;duration&quot;:600,&quot;staggervalue&quot;:300,&quot;easing&quot;:&quot;easeOutQuad&quot;,&quot;targets&quot;:&quot;.elementor-element-929645c.entrance-animation&gt; .e-child,.elementor-element-929645c.entrance-animation&gt; .e-con-inner &gt; .e-con-full.e-child,.elementor-element-929645c.entrance-animation&gt; .elementor-widget,.elementor-element-929645c.entrance-animation&gt; .e-con-inner &gt; .elementor-widget&quot;,&quot;opacity&quot;:[0,1],&quot;perspective&quot;:[1200,1200],&quot;rotateX&quot;:[50,0],&quot;scale&quot;:[1.100000000000000088817841970012523233890533447265625,1]}\" data-id=\"929645c\" data-element_type=\"container\" data-e-type=\"container\">\n\t\t<div class=\" elementor-element elementor-element-f0ff8ba e-con-full e-flex section-light e-con e-child\" data-id=\"f0ff8ba\" data-element_type=\"container\" data-e-type=\"container\">\n\t\t\t\t<div class=\"elementor-element elementor-element-d430a16 elementor-widget elementor-widget-text-editor\" data-id=\"d430a16\" data-element_type=\"widget\" data-e-type=\"widget\" data-widget_type=\"text-editor.default\">\n\t\t\t\t\t\t\t\t\t<div id=\"footable_parent_8765\"\n         class=\" footable_parent ninja_table_wrapper loading_ninja_table wp_table_data_press_parent semantic_ui \">\n                <table data-ninja_table_instance=\"ninja_table_instance_0\" data-footable_id=\"8765\" data-filter-delay=\"1000\" aria-label=\"Eintrittspreise Freizeitpark Erwachsene\"            id=\"footable_8765\"\n           data-unique_identifier=\"ninja_table_unique_id_1643630863_8765\"\n           class=\" foo-table ninja_footable foo_table_8765 ninja_table_unique_id_1643630863_8765 ui table  ninja_search_right nt_type_legacy_table selectable striped vertical_centered  footable-paging-right ninja_table_pro\">\n                <colgroup>\n                            <col class=\"ninja_column_0 \">\n                            <col class=\"ninja_column_1 \">\n                    <\/colgroup>\n        <thead>\n<tr class=\"footable-header\">\n                                        <th scope=\"col\"  class=\"ninja_column_0 ninja_clmn_nm_company_nicename \">Park<\/th><th scope=\"col\"  class=\"ninja_column_1 ninja_clmn_nm_formatted_entrance_fee \">Preis Eintritt Erwachsener<\/th><\/tr>\n<\/thead>\n<tbody>\n\n        <tr data-row_id=\"0\" class=\"ninja_table_row_0 nt_row_id_0\">\n            <td>Swiss Vapeur Parc, Le Bouveret<\/td><td>CHF 23.00<\/td>        <\/tr>\n            <tr data-row_id=\"1\" class=\"ninja_table_row_1 nt_row_id_1\">\n            <td>Happyland, Granges<\/td><td>CHF 25.50<\/td>        <\/tr>\n            <tr data-row_id=\"2\" class=\"ninja_table_row_2 nt_row_id_2\">\n            <td>Schongiland, Schongau<\/td><td>CHF 22.00<\/td>        <\/tr>\n            <tr data-row_id=\"3\" class=\"ninja_table_row_3 nt_row_id_3\">\n            <td>Belli\u2019s Mini-Freizeitpark, Roggwil<\/td><td>CHF 10.00<\/td>        <\/tr>\n            <tr data-row_id=\"4\" class=\"ninja_table_row_4 nt_row_id_4\">\n            <td>Conny-Land, Lipperswil<\/td><td>CHF 40.00<\/td>        <\/tr>\n            <tr data-row_id=\"5\" class=\"ninja_table_row_5 nt_row_id_5\">\n            <td>Ticiland, Stein am Rhein<\/td><td>CHF 35.00<\/td>        <\/tr>\n            <tr data-row_id=\"6\" class=\"ninja_table_row_6 nt_row_id_6\">\n            <td>Labyrinthe Aventure, Evionnaz\r\n<\/td><td>CHF 19.00<\/td>        <\/tr>\n            <tr data-row_id=\"7\" class=\"ninja_table_row_7 nt_row_id_7\">\n            <td>Freizeitpark Niederb\u00fcren, Niederb\u00fcren<\/td><td>CHF 0.00<\/td>        <\/tr>\n            <tr data-row_id=\"8\" class=\"ninja_table_row_8 nt_row_id_8\">\n            <td>Alpamare, Pf\u00e4ffikon<\/td><td>CHF 49.00<\/td>        <\/tr>\n    <\/tbody><!--ninja_tobody_rendering_done-->\n    <\/table>\n    \n    \n    \n<\/div>\n\t\t\t\t\t\t\t\t<\/div>\n\t\t\t\t<\/div>\n\t\t\t\t<\/div>\n\t\t\t\t\t<\/div>\n\t\t\t\t<\/div>\n\t\t<div class=\" elementor-element elementor-element-3805e2a e-flex e-con-boxed section-light e-con e-parent\" data-id=\"3805e2a\" data-element_type=\"container\" data-e-type=\"container\">\n\t\t\t\t\t<div class=\"e-con-inner\">\n\t\t\t\t<div data-bottom-top=\"transform: translateY(-80px)\" data-top-bottom=\"transform: translateY(80px)\" class=\"elementor-element elementor-element-d000a8c elementor-absolute elementor-widget elementor-widget-crafto-image\" data-id=\"d000a8c\" data-element_type=\"widget\" data-e-type=\"widget\" data-settings=\"{&quot;_position&quot;:&quot;absolute&quot;}\" data-widget_type=\"crafto-image.default\">\n\t\t\t\t<div class=\"elementor-widget-container\">\n\t\t\t\t\t\t\t\t<div class=\"crafto-image-wrapper\">\n\t\t\t\t\t\t\t\t<div class=\"image-box\">\n\t\t\t\t\t<div class=\"image-wrapper\">\n\t\t\t\t\t\t<img fetchpriority=\"high\" decoding=\"async\" width=\"350\" height=\"350\" src=\"https:\/\/www.nexano.ch\/wp-content\/uploads\/2026\/01\/demo-web-agency-people-02.png\" class=\"elementor-animation-\" alt=\"demo-web-agency-people-02.png\" \/>\t\t\t\t\t<\/div>\n\t\t\t\t<\/div>\n\t\t\t\t\t\t\t<\/div>\n\t\t\t\t\t\t\t<\/div>\n\t\t\t\t<\/div>\n\t\t<div class=\" elementor-element elementor-element-8f90ccc e-con-full e-flex section-light e-con e-child\" data-id=\"8f90ccc\" data-element_type=\"container\" data-e-type=\"container\">\n\t\t<div class=\" elementor-element elementor-element-e06c517 e-con-full e-flex section-light e-con e-child\" data-id=\"e06c517\" data-element_type=\"container\" data-e-type=\"container\">\n\t\t\t\t<div class=\"elementor-element elementor-element-930a95f elementor-widget elementor-widget-crafto-image\" data-id=\"930a95f\" data-element_type=\"widget\" data-e-type=\"widget\" data-widget_type=\"crafto-image.default\">\n\t\t\t\t<div class=\"elementor-widget-container\">\n\t\t\t\t\t\t\t\t<div class=\"crafto-image-wrapper\">\n\t\t\t\t\t\t\t\t<div class=\"image-box\">\n\t\t\t\t\t<div class=\"image-wrapper\">\n\t\t\t\t\t\t<img decoding=\"async\" width=\"600\" height=\"530\" src=\"https:\/\/www.nexano.ch\/wp-content\/uploads\/2026\/01\/nexano_sepp_600x600-600x530.png\" class=\"elementor-animation-\" alt=\"nexano_sepp_600x600\" \/>\t\t\t\t\t<\/div>\n\t\t\t\t<\/div>\n\t\t\t\t\t\t\t<\/div>\n\t\t\t\t\t\t\t<\/div>\n\t\t\t\t<\/div>\n\t\t\t\t<\/div>\n\t\t<div class=\" elementor-element elementor-element-1c414ed e-con-full e-flex section-light e-con e-child\" data-id=\"1c414ed\" data-element_type=\"container\" data-e-type=\"container\">\n\t\t\t\t<div class=\"elementor-element elementor-element-affb984 elementor-view-stacked elementor-position-left elementor-vertical-align-middle elementor-shape-circle elementor-widget elementor-widget-crafto-icon-box\" data-id=\"affb984\" data-element_type=\"widget\" data-e-type=\"widget\" data-widget_type=\"crafto-icon-box.default\">\n\t\t\t\t<div class=\"elementor-widget-container\">\n\t\t\t\t\t\t\t\t<div class=\"elementor-icon-box-wrapper crafto-icon-box-wrapper\">\n\t\t\t\t\t\t\t\t\t<div class=\"elementor-icon-box-icon \">\n\t\t\t\t\t\t\t\t\t\t<span class=\"elementor-icon elementor-animation-\" >\n\t\t\t\t<i aria-hidden=\"true\" class=\"fa-solid fa-heart\"><\/i>\t\t\t\t<\/span>\n\t\t\t\t\t\t\t\t\t<\/div>\n\t\t\t\t\t\t\t\t\t<div class=\"elementor-icon-box-content\">\n\t\t\t\t\t\t\t\t\t\t\t<span class=\"elementor-icon-box-title\">\n\t\t\t\t\t\t\t<span >\n\t\t\t\t\t\t\tLe saviez-vous&nbsp;?\t\t\t\t\t\t\t<\/span>\n\t\t\t\t\t\t<\/span>\n\t\t\t\t\t\t\t\t\t\t<\/div>\n\t\t\t<\/div>\n\t\t\t\t\t\t\t<\/div>\n\t\t\t\t<\/div>\n\t\t\t\t<div class=\"elementor-element elementor-element-345d110 elementor-widget elementor-widget-crafto-heading\" data-id=\"345d110\" data-element_type=\"widget\" data-e-type=\"widget\" data-widget_type=\"crafto-heading.default\">\n\t\t\t\t<div class=\"elementor-widget-container\">\n\t\t\t\t\t<h5 class=\"crafto-heading\"><span class=\"crafto-primary-title\">Nous mettons \u00e0 jour les prix d\u2019entr\u00e9e quotidiennement. <br>Certains parcs d\u2019attractions proposent des billets en ligne \u00e0 prix r\u00e9duit ou accordent une r\u00e9duction si le billet est achet\u00e9 quelques jours \u00e0 l\u2019avance. Il est pr\u00e9f\u00e9rable de v\u00e9rifier cela avant votre visite. <\/span><\/h5>\t\t\t\t<\/div>\n\t\t\t\t<\/div>\n\t\t\t\t<div class=\"elementor-element elementor-element-8952182 elementor-widget elementor-widget-crafto-heading\" data-id=\"8952182\" data-element_type=\"widget\" data-e-type=\"widget\" data-widget_type=\"crafto-heading.default\">\n\t\t\t\t<div class=\"elementor-widget-container\">\n\t\t\t\t\t<div class=\"crafto-heading no-shadow-animation\"><span class=\"crafto-primary-title\">Nexano.ch - <span class=\"separator\">Comparez tout.<\/span><\/span><\/div>\t\t\t\t<\/div>\n\t\t\t\t<\/div>\n\t\t\t\t<\/div>\n\t\t\t\t<div class=\"elementor-element elementor-element-6a30f5a elementor-absolute elementor-widget elementor-widget-crafto-image\" data-id=\"6a30f5a\" data-element_type=\"widget\" data-e-type=\"widget\" data-settings=\"{&quot;_position&quot;:&quot;absolute&quot;}\" data-widget_type=\"crafto-image.default\">\n\t\t\t\t<div class=\"elementor-widget-container\">\n\t\t\t\t\t\t\t\t<div class=\"crafto-image-wrapper\">\n\t\t\t\t\t\t\t\t<div class=\"image-box\">\n\t\t\t\t\t<div class=\"image-wrapper\">\n\t\t\t\t\t\t<img decoding=\"async\" width=\"96\" height=\"70\" src=\"https:\/\/www.nexano.ch\/wp-content\/uploads\/2026\/01\/demo-web-agency-people-06.png\" class=\"elementor-animation-\" alt=\"demo-web-agency-people-06.png\" \/>\t\t\t\t\t<\/div>\n\t\t\t\t<\/div>\n\t\t\t\t\t\t\t<\/div>\n\t\t\t\t\t\t\t<\/div>\n\t\t\t\t<\/div>\n\t\t\t\t<\/div>\n\t\t\t\t\t<\/div>\n\t\t\t\t<\/div>\n\t\t<div class=\" elementor-element elementor-element-b5a6568 e-flex e-con-boxed section-light e-con e-parent\" data-id=\"b5a6568\" data-element_type=\"container\" data-e-type=\"container\">\n\t\t\t\t\t<div class=\"e-con-inner\">\n\t\t<div class=\"entrance-animation  elementor-element elementor-element-c9a250b e-con-full e-flex section-light e-con e-child\" data-anime=\"{&quot;duration&quot;:600,&quot;staggervalue&quot;:300,&quot;easing&quot;:&quot;easeOutQuad&quot;,&quot;targets&quot;:&quot;.elementor-element-c9a250b.entrance-animation&gt; .e-child,.elementor-element-c9a250b.entrance-animation&gt; .e-con-inner &gt; .e-con-full.e-child,.elementor-element-c9a250b.entrance-animation&gt; .elementor-widget,.elementor-element-c9a250b.entrance-animation&gt; .e-con-inner &gt; .elementor-widget&quot;,&quot;opacity&quot;:[0,1],&quot;translateY&quot;:[50,0]}\" data-id=\"c9a250b\" data-element_type=\"container\" data-e-type=\"container\">\n\t\t\t\t<div class=\"elementor-element elementor-element-86b431f elementor-widget elementor-widget-crafto-heading\" data-id=\"86b431f\" data-element_type=\"widget\" data-e-type=\"widget\" data-widget_type=\"crafto-heading.default\">\n\t\t\t\t<div class=\"elementor-widget-container\">\n\t\t\t\t\t<h2 class=\"crafto-heading\"><span class=\"crafto-primary-title\">Autres comparaisons<\/span><\/h2>\t\t\t\t<\/div>\n\t\t\t\t<\/div>\n\t\t\t\t<\/div>\n\t\t<div class=\"entrance-animation  elementor-element elementor-element-461b6e1 e-con-full e-flex section-light e-con e-child\" data-anime=\"{&quot;duration&quot;:600,&quot;staggervalue&quot;:300,&quot;easing&quot;:&quot;easeOutQuad&quot;,&quot;targets&quot;:&quot;.elementor-element-461b6e1.entrance-animation&gt; .e-child,.elementor-element-461b6e1.entrance-animation&gt; .e-con-inner &gt; .e-con-full.e-child,.elementor-element-461b6e1.entrance-animation&gt; .elementor-widget,.elementor-element-461b6e1.entrance-animation&gt; .e-con-inner &gt; .elementor-widget&quot;,&quot;opacity&quot;:[0,1],&quot;perspective&quot;:[1200,1200],&quot;rotateX&quot;:[50,0],&quot;scale&quot;:[1.100000000000000088817841970012523233890533447265625,1]}\" data-id=\"461b6e1\" data-element_type=\"container\" data-e-type=\"container\">\n\t\t<div class=\" elementor-element elementor-element-5b529b3 e-con-full e-flex section-light e-con e-child\" data-id=\"5b529b3\" data-element_type=\"container\" data-e-type=\"container\">\n\t\t\t\t<div class=\"elementor-element elementor-element-ae8cc16 elementor-position-left e-transform elementor-view-default elementor-widget elementor-widget-crafto-content-block\" data-id=\"ae8cc16\" data-element_type=\"widget\" data-e-type=\"widget\" data-settings=\"{&quot;crafto_content_block_style&quot;:&quot;block-style-2&quot;,&quot;_transform_translateY_effect_hover&quot;:{&quot;unit&quot;:&quot;px&quot;,&quot;size&quot;:-3,&quot;sizes&quot;:[]},&quot;_transform_translateX_effect_hover&quot;:{&quot;unit&quot;:&quot;px&quot;,&quot;size&quot;:&quot;&quot;,&quot;sizes&quot;:[]},&quot;_transform_translateX_effect_hover_laptop&quot;:{&quot;unit&quot;:&quot;px&quot;,&quot;size&quot;:&quot;&quot;,&quot;sizes&quot;:[]},&quot;_transform_translateX_effect_hover_tablet_extra&quot;:{&quot;unit&quot;:&quot;px&quot;,&quot;size&quot;:&quot;&quot;,&quot;sizes&quot;:[]},&quot;_transform_translateX_effect_hover_tablet&quot;:{&quot;unit&quot;:&quot;px&quot;,&quot;size&quot;:&quot;&quot;,&quot;sizes&quot;:[]},&quot;_transform_translateX_effect_hover_mobile_extra&quot;:{&quot;unit&quot;:&quot;px&quot;,&quot;size&quot;:&quot;&quot;,&quot;sizes&quot;:[]},&quot;_transform_translateX_effect_hover_mobile&quot;:{&quot;unit&quot;:&quot;px&quot;,&quot;size&quot;:&quot;&quot;,&quot;sizes&quot;:[]},&quot;_transform_translateY_effect_hover_laptop&quot;:{&quot;unit&quot;:&quot;px&quot;,&quot;size&quot;:&quot;&quot;,&quot;sizes&quot;:[]},&quot;_transform_translateY_effect_hover_tablet_extra&quot;:{&quot;unit&quot;:&quot;px&quot;,&quot;size&quot;:&quot;&quot;,&quot;sizes&quot;:[]},&quot;_transform_translateY_effect_hover_tablet&quot;:{&quot;unit&quot;:&quot;px&quot;,&quot;size&quot;:&quot;&quot;,&quot;sizes&quot;:[]},&quot;_transform_translateY_effect_hover_mobile_extra&quot;:{&quot;unit&quot;:&quot;px&quot;,&quot;size&quot;:&quot;&quot;,&quot;sizes&quot;:[]},&quot;_transform_translateY_effect_hover_mobile&quot;:{&quot;unit&quot;:&quot;px&quot;,&quot;size&quot;:&quot;&quot;,&quot;sizes&quot;:[]}}\" data-widget_type=\"crafto-content-block.default\">\n\t\t\t\t<div class=\"elementor-widget-container\">\n\t\t\t\t\t\t\t\t<div class=\"content-block content-block-style-2\">\n\t\t\t\t\t\t\t\t<div class=\"elementor-icon\">\n\t\t\t\t\t<i aria-hidden=\"true\" class=\" solid-icon-Penguin\"><\/i>\t\t\t\t<\/div>\n\t\t\t\t\t\t\t\t\t\t<div class=\"content-wrap\">\n\t\t\t\t\t\t\t\t\t\t\t<div\t\t\t\tclass=\"title\">\n\t\t\t\t\t\t\t\t\t<a href=\"https:\/\/www.nexano.ch\/fr\/comparaison-des-prix-dentree-des-zoos-et-parcs-animaliers\/\" class=\"title-link\">\n\t\t\t\t\t\tZoos et parcs animaliers\t\t\t\t\t<\/a>\n\t\t\t\t\t\t\t\t\t<\/div>\n\t\t\t\t\t\t\t\t<div class=\"content\">\n\t\t\t\t\t<p>Comparez les prix d'entr\u00e9e des zoos et parcs animaliers suisses les plus populaires.<\/p>\t\t\t\t<\/div>\n\t\t\t\t\t\t\t\t\t\t<\/div>\n\t\t\t\t\t\t\t\t\t<\/div>\n\t\t\t\t\t\t\t<\/div>\n\t\t\t\t<\/div>\n\t\t\t\t<\/div>\n\t\t<div class=\" elementor-element elementor-element-02e243e e-con-full e-flex section-light e-con e-child\" data-id=\"02e243e\" data-element_type=\"container\" data-e-type=\"container\">\n\t\t\t\t<div class=\"elementor-element elementor-element-cceaaac elementor-position-left e-transform elementor-view-default elementor-widget elementor-widget-crafto-content-block\" data-id=\"cceaaac\" data-element_type=\"widget\" data-e-type=\"widget\" data-settings=\"{&quot;crafto_content_block_style&quot;:&quot;block-style-2&quot;,&quot;_transform_translateY_effect_hover&quot;:{&quot;unit&quot;:&quot;px&quot;,&quot;size&quot;:-3,&quot;sizes&quot;:[]},&quot;_transform_translateX_effect_hover&quot;:{&quot;unit&quot;:&quot;px&quot;,&quot;size&quot;:&quot;&quot;,&quot;sizes&quot;:[]},&quot;_transform_translateX_effect_hover_laptop&quot;:{&quot;unit&quot;:&quot;px&quot;,&quot;size&quot;:&quot;&quot;,&quot;sizes&quot;:[]},&quot;_transform_translateX_effect_hover_tablet_extra&quot;:{&quot;unit&quot;:&quot;px&quot;,&quot;size&quot;:&quot;&quot;,&quot;sizes&quot;:[]},&quot;_transform_translateX_effect_hover_tablet&quot;:{&quot;unit&quot;:&quot;px&quot;,&quot;size&quot;:&quot;&quot;,&quot;sizes&quot;:[]},&quot;_transform_translateX_effect_hover_mobile_extra&quot;:{&quot;unit&quot;:&quot;px&quot;,&quot;size&quot;:&quot;&quot;,&quot;sizes&quot;:[]},&quot;_transform_translateX_effect_hover_mobile&quot;:{&quot;unit&quot;:&quot;px&quot;,&quot;size&quot;:&quot;&quot;,&quot;sizes&quot;:[]},&quot;_transform_translateY_effect_hover_laptop&quot;:{&quot;unit&quot;:&quot;px&quot;,&quot;size&quot;:&quot;&quot;,&quot;sizes&quot;:[]},&quot;_transform_translateY_effect_hover_tablet_extra&quot;:{&quot;unit&quot;:&quot;px&quot;,&quot;size&quot;:&quot;&quot;,&quot;sizes&quot;:[]},&quot;_transform_translateY_effect_hover_tablet&quot;:{&quot;unit&quot;:&quot;px&quot;,&quot;size&quot;:&quot;&quot;,&quot;sizes&quot;:[]},&quot;_transform_translateY_effect_hover_mobile_extra&quot;:{&quot;unit&quot;:&quot;px&quot;,&quot;size&quot;:&quot;&quot;,&quot;sizes&quot;:[]},&quot;_transform_translateY_effect_hover_mobile&quot;:{&quot;unit&quot;:&quot;px&quot;,&quot;size&quot;:&quot;&quot;,&quot;sizes&quot;:[]}}\" data-widget_type=\"crafto-content-block.default\">\n\t\t\t\t<div class=\"elementor-widget-container\">\n\t\t\t\t\t\t\t\t<div class=\"content-block content-block-style-2\">\n\t\t\t\t\t\t\t\t<div class=\"elementor-icon\">\n\t\t\t\t\t<i aria-hidden=\"true\" class=\"fas fa-swimmer\"><\/i>\t\t\t\t<\/div>\n\t\t\t\t\t\t\t\t\t\t<div class=\"content-wrap\">\n\t\t\t\t\t\t\t\t\t\t\t<div\t\t\t\tclass=\"title\">\n\t\t\t\t\t\t\t\t\t<a href=\"https:\/\/www.nexano.ch\/fr\/comparaison-des-prix-dentree-des-bains-thermaux-suisses\/\" class=\"title-link\">\n\t\t\t\t\t\tBains thermaux\t\t\t\t\t<\/a>\n\t\t\t\t\t\t\t\t\t<\/div>\n\t\t\t\t\t\t\t\t<div class=\"content\">\n\t\t\t\t\t<p>Comparez les prix d'entr\u00e9e des stations thermales les plus populaires de Suisse.<\/p>\t\t\t\t<\/div>\n\t\t\t\t\t\t\t\t\t\t<\/div>\n\t\t\t\t\t\t\t\t\t<\/div>\n\t\t\t\t\t\t\t<\/div>\n\t\t\t\t<\/div>\n\t\t\t\t<\/div>\n\t\t\t\t<\/div>\n\t\t\t\t\t<\/div>\n\t\t\t\t<\/div>\n\t\t\t\t<\/div>\n\t\t","protected":false},"excerpt":{"rendered":"<p>Prix d\u2019entr\u00e9e pour adultes Parcs de loisirs suisses Comparez les prix d\u2019entr\u00e9e actuels pour adultes dans les parcs d\u2019attractions les plus populaires de Suisse. Le saviez-vous&nbsp;? Nous mettons \u00e0 jour les prix d\u2019entr\u00e9e quotidiennement. Certains parcs d\u2019attractions proposent des billets en ligne \u00e0 prix r\u00e9duit ou accordent une r\u00e9duction si le billet est achet\u00e9 quelques [&hellip;]<\/p>\n","protected":false},"author":1,"featured_media":0,"parent":0,"menu_order":0,"comment_status":"closed","ping_status":"closed","template":"","meta":{"footnotes":""},"class_list":["post-8800","page","type-page","status-publish","hentry"],"_links":{"self":[{"href":"https:\/\/www.nexano.ch\/fr\/wp-json\/wp\/v2\/pages\/8800","targetHints":{"allow":["GET"]}}],"collection":[{"href":"https:\/\/www.nexano.ch\/fr\/wp-json\/wp\/v2\/pages"}],"about":[{"href":"https:\/\/www.nexano.ch\/fr\/wp-json\/wp\/v2\/types\/page"}],"author":[{"embeddable":true,"href":"https:\/\/www.nexano.ch\/fr\/wp-json\/wp\/v2\/users\/1"}],"replies":[{"embeddable":true,"href":"https:\/\/www.nexano.ch\/fr\/wp-json\/wp\/v2\/comments?post=8800"}],"version-history":[{"count":2,"href":"https:\/\/www.nexano.ch\/fr\/wp-json\/wp\/v2\/pages\/8800\/revisions"}],"predecessor-version":[{"id":9383,"href":"https:\/\/www.nexano.ch\/fr\/wp-json\/wp\/v2\/pages\/8800\/revisions\/9383"}],"wp:attachment":[{"href":"https:\/\/www.nexano.ch\/fr\/wp-json\/wp\/v2\/media?parent=8800"}],"curies":[{"name":"wp","href":"https:\/\/api.w.org\/{rel}","templated":true}]}}