{"id":8640,"date":"2025-09-12T16:03:00","date_gmt":"2025-09-12T14:03:00","guid":{"rendered":"https:\/\/www.nexano.ch\/confronto-mutui-mutui-a-tasso-fisso-1-anno\/"},"modified":"2026-01-11T21:07:22","modified_gmt":"2026-01-11T20:07:22","slug":"confronto-mutui-mutui-a-tasso-fisso-1-anno","status":"publish","type":"page","link":"https:\/\/www.nexano.ch\/it\/confronto-mutui-mutui-a-tasso-fisso-1-anno\/","title":{"rendered":"Confronto mutui: Mutui a tasso fisso 1 anno"},"content":{"rendered":"\t\t<div data-elementor-type=\"wp-page\" data-elementor-id=\"8640\" class=\"elementor elementor-8640 elementor-8480\">\n\t\t\t\t<div class=\" elementor-element elementor-element-a560929 e-flex e-con-boxed section-light e-con e-child\" data-id=\"a560929\" data-element_type=\"container\" data-e-type=\"container\" data-settings=\"{&quot;background_background&quot;:&quot;classic&quot;}\">\n\t\t\t\t\t<div class=\"e-con-inner\">\n\t\t<div class=\"entrance-animation  elementor-element elementor-element-40983bc e-con-full e-flex section-light e-con e-child\" data-anime=\"{&quot;duration&quot;:600,&quot;staggervalue&quot;:300,&quot;easing&quot;:&quot;easeOutQuad&quot;,&quot;targets&quot;:&quot;.elementor-element-40983bc.entrance-animation&gt; .e-child,.elementor-element-40983bc.entrance-animation&gt; .e-con-inner &gt; .e-con-full.e-child,.elementor-element-40983bc.entrance-animation&gt; .elementor-widget,.elementor-element-40983bc.entrance-animation&gt; .e-con-inner &gt; .elementor-widget&quot;,&quot;opacity&quot;:[0,1],&quot;translateY&quot;:[50,0]}\" data-id=\"40983bc\" data-element_type=\"container\" data-e-type=\"container\">\n\t\t\t\t<div class=\"elementor-element elementor-element-9a6e1ef elementor-widget__width-initial elementor-widget elementor-widget-crafto-heading\" data-id=\"9a6e1ef\" data-element_type=\"widget\" data-e-type=\"widget\" data-widget_type=\"crafto-heading.default\">\n\t\t\t\t<div class=\"elementor-widget-container\">\n\t\t\t\t\t<span class=\"crafto-heading\"><span class=\"crafto-primary-title\">Trova i migliori tassi ipotecari<\/span><\/span>\t\t\t\t<\/div>\n\t\t\t\t<\/div>\n\t\t\t\t<div class=\"elementor-element elementor-element-fd3b664 elementor-widget elementor-widget-crafto-heading\" data-id=\"fd3b664\" data-element_type=\"widget\" data-e-type=\"widget\" data-widget_type=\"crafto-heading.default\">\n\t\t\t\t<div class=\"elementor-widget-container\">\n\t\t\t\t\t<h2 class=\"crafto-heading\"><span class=\"crafto-primary-title\">Mutui a tasso fisso 1 anno<\/span><\/h2>\t\t\t\t<\/div>\n\t\t\t\t<\/div>\n\t\t\t\t<\/div>\n\t\t<div class=\"entrance-animation  elementor-element elementor-element-d3b2acf e-con-full e-flex section-light e-con e-child\" data-anime=\"{&quot;duration&quot;:600,&quot;staggervalue&quot;:300,&quot;easing&quot;:&quot;easeOutQuad&quot;,&quot;targets&quot;:&quot;.elementor-element-d3b2acf.entrance-animation&gt; .e-child,.elementor-element-d3b2acf.entrance-animation&gt; .e-con-inner &gt; .e-con-full.e-child,.elementor-element-d3b2acf.entrance-animation&gt; .elementor-widget,.elementor-element-d3b2acf.entrance-animation&gt; .e-con-inner &gt; .elementor-widget&quot;,&quot;opacity&quot;:[0,1],&quot;translateY&quot;:[50,0]}\" data-id=\"d3b2acf\" data-element_type=\"container\" data-e-type=\"container\">\n\t\t\t\t<div class=\"elementor-element elementor-element-ffa723f elementor-widget elementor-widget-crafto-text-editor\" data-id=\"ffa723f\" data-element_type=\"widget\" data-e-type=\"widget\" data-widget_type=\"crafto-text-editor.default\">\n\t\t\t\t<div class=\"elementor-widget-container\">\n\t\t\t\t\t\t\t\t<div class=\"text-editor\">\n\t\t\t\t<div class=\"text-editor-content\">\n\t\t\t\t\t<p>Confronta i tassi d'interesse ipotecari attuali dei fornitori pi\u00f9 popolari in Svizzera.<\/p>\t\t\t\t<\/div>\n\t\t\t<\/div>\n\t\t\t\t\t\t\t<\/div>\n\t\t\t\t<\/div>\n\t\t\t\t<\/div>\n\t\t<div class=\"entrance-animation  elementor-element elementor-element-898405d e-con-full e-flex section-light e-con e-child\" data-anime=\"{&quot;duration&quot;:600,&quot;staggervalue&quot;:300,&quot;easing&quot;:&quot;easeOutQuad&quot;,&quot;targets&quot;:&quot;.elementor-element-898405d.entrance-animation&gt; .e-child,.elementor-element-898405d.entrance-animation&gt; .e-con-inner &gt; .e-con-full.e-child,.elementor-element-898405d.entrance-animation&gt; .elementor-widget,.elementor-element-898405d.entrance-animation&gt; .e-con-inner &gt; .elementor-widget&quot;,&quot;opacity&quot;:[0,1],&quot;perspective&quot;:[1200,1200],&quot;rotateX&quot;:[50,0],&quot;scale&quot;:[1.100000000000000088817841970012523233890533447265625,1]}\" data-id=\"898405d\" data-element_type=\"container\" data-e-type=\"container\">\n\t\t<div class=\" elementor-element elementor-element-4e66c27 e-con-full e-flex section-light e-con e-child\" data-id=\"4e66c27\" data-element_type=\"container\" data-e-type=\"container\">\n\t\t\t\t<div class=\"elementor-element elementor-element-2fcf7bd elementor-widget elementor-widget-text-editor\" data-id=\"2fcf7bd\" data-element_type=\"widget\" data-e-type=\"widget\" data-widget_type=\"text-editor.default\">\n\t\t\t\t\t\t\t\t\t<div id=\"footable_parent_8467\"\n         class=\" footable_parent ninja_table_wrapper loading_ninja_table wp_table_data_press_parent semantic_ui \">\n                <table data-ninja_table_instance=\"ninja_table_instance_0\" data-footable_id=\"8467\" data-filter-delay=\"1000\" aria-label=\"Festhypotheken 1 Jahre Schweiz\"            id=\"footable_8467\"\n           data-unique_identifier=\"ninja_table_unique_id_617909387_8467\"\n           class=\" foo-table ninja_footable foo_table_8467 ninja_table_unique_id_617909387_8467 ui table  ninja_search_right nt_type_legacy_table selectable striped vertical_centered  footable-paging-right ninja_table_pro\">\n                <colgroup>\n                            <col class=\"ninja_column_0 \">\n                            <col class=\"ninja_column_1 \">\n                    <\/colgroup>\n        <thead>\n<tr class=\"footable-header\">\n                                        <th scope=\"col\"  class=\"ninja_column_0 ninja_clmn_nm_company_nicename \">Hypotheken Anbieter<\/th><th scope=\"col\"  class=\"ninja_column_1 ninja_clmn_nm_formatted_intrest_rate \">Hypotheken Zinssatz<\/th><\/tr>\n<\/thead>\n<tbody>\n\n        <tr data-row_id=\"0\" class=\"ninja_table_row_0 nt_row_id_0\">\n            <td>Graub\u00fcndner Kantonalbank<\/td><td>1.49%<\/td>        <\/tr>\n            <tr data-row_id=\"1\" class=\"ninja_table_row_1 nt_row_id_1\">\n            <td>Bank EEK<\/td><td>1.15%<\/td>        <\/tr>\n            <tr data-row_id=\"2\" class=\"ninja_table_row_2 nt_row_id_2\">\n            <td>Caisse de pension Kanton NE<\/td><td>1.45%<\/td>        <\/tr>\n            <tr data-row_id=\"3\" class=\"ninja_table_row_3 nt_row_id_3\">\n            <td>Bank AEK<\/td><td>1.40%<\/td>        <\/tr>\n            <tr data-row_id=\"4\" class=\"ninja_table_row_4 nt_row_id_4\">\n            <td>Appenzeller Kantonalbank<\/td><td>1.30%<\/td>        <\/tr>\n            <tr data-row_id=\"5\" class=\"ninja_table_row_5 nt_row_id_5\">\n            <td>BPS Suisse<\/td><td>1.30%<\/td>        <\/tr>\n            <tr data-row_id=\"6\" class=\"ninja_table_row_6 nt_row_id_6\">\n            <td>Bank Avera<\/td><td>1.27%<\/td>        <\/tr>\n            <tr data-row_id=\"7\" class=\"ninja_table_row_7 nt_row_id_7\">\n            <td>Bank Cler<\/td><td>1.47%<\/td>        <\/tr>\n            <tr data-row_id=\"8\" class=\"ninja_table_row_8 nt_row_id_8\">\n            <td>Pensionskasse Rh\u00e4tische Bahn<\/td><td>1.25%<\/td>        <\/tr>\n            <tr data-row_id=\"9\" class=\"ninja_table_row_9 nt_row_id_9\">\n            <td>Banque du L\u00e9man<\/td><td>0.91%<\/td>        <\/tr>\n    <\/tbody><!--ninja_tobody_rendering_done-->\n    <\/table>\n    \n    \n    \n<\/div>\n\t\t\t\t\t\t\t\t<\/div>\n\t\t\t\t<\/div>\n\t\t\t\t<\/div>\n\t\t\t\t\t<\/div>\n\t\t\t\t<\/div>\n\t\t<div class=\" elementor-element elementor-element-87f5e7a e-flex e-con-boxed section-light e-con e-parent\" data-id=\"87f5e7a\" data-element_type=\"container\" data-e-type=\"container\">\n\t\t\t\t\t<div class=\"e-con-inner\">\n\t\t\t\t<div data-bottom-top=\"transform: translateY(-80px)\" data-top-bottom=\"transform: translateY(80px)\" class=\"elementor-element elementor-element-cde25fd elementor-absolute elementor-widget elementor-widget-crafto-image\" data-id=\"cde25fd\" data-element_type=\"widget\" data-e-type=\"widget\" data-settings=\"{&quot;_position&quot;:&quot;absolute&quot;}\" data-widget_type=\"crafto-image.default\">\n\t\t\t\t<div class=\"elementor-widget-container\">\n\t\t\t\t\t\t\t\t<div class=\"crafto-image-wrapper\">\n\t\t\t\t\t\t\t\t<div class=\"image-box\">\n\t\t\t\t\t<div class=\"image-wrapper\">\n\t\t\t\t\t\t<img fetchpriority=\"high\" decoding=\"async\" width=\"350\" height=\"350\" src=\"https:\/\/www.nexano.ch\/wp-content\/uploads\/2026\/01\/demo-web-agency-people-02.png\" class=\"elementor-animation-\" alt=\"demo-web-agency-people-02.png\" \/>\t\t\t\t\t<\/div>\n\t\t\t\t<\/div>\n\t\t\t\t\t\t\t<\/div>\n\t\t\t\t\t\t\t<\/div>\n\t\t\t\t<\/div>\n\t\t<div class=\" elementor-element elementor-element-95987bb e-con-full e-flex section-light e-con e-child\" data-id=\"95987bb\" data-element_type=\"container\" data-e-type=\"container\">\n\t\t<div class=\" elementor-element elementor-element-e096037 e-con-full e-flex section-light e-con e-child\" data-id=\"e096037\" data-element_type=\"container\" data-e-type=\"container\">\n\t\t\t\t<div class=\"elementor-element elementor-element-bd0fb39 elementor-widget elementor-widget-crafto-image\" data-id=\"bd0fb39\" data-element_type=\"widget\" data-e-type=\"widget\" data-widget_type=\"crafto-image.default\">\n\t\t\t\t<div class=\"elementor-widget-container\">\n\t\t\t\t\t\t\t\t<div class=\"crafto-image-wrapper\">\n\t\t\t\t\t\t\t\t<div class=\"image-box\">\n\t\t\t\t\t<div class=\"image-wrapper\">\n\t\t\t\t\t\t<img decoding=\"async\" width=\"600\" height=\"530\" src=\"https:\/\/www.nexano.ch\/wp-content\/uploads\/2026\/01\/nexano_sepp_600x600-600x530.png\" class=\"elementor-animation-\" alt=\"nexano_sepp_600x600\" \/>\t\t\t\t\t<\/div>\n\t\t\t\t<\/div>\n\t\t\t\t\t\t\t<\/div>\n\t\t\t\t\t\t\t<\/div>\n\t\t\t\t<\/div>\n\t\t\t\t<\/div>\n\t\t<div class=\" elementor-element elementor-element-5a8d120 e-con-full e-flex section-light e-con e-child\" data-id=\"5a8d120\" data-element_type=\"container\" data-e-type=\"container\">\n\t\t\t\t<div class=\"elementor-element elementor-element-295c1f9 elementor-view-stacked elementor-position-left elementor-vertical-align-middle elementor-shape-circle elementor-widget elementor-widget-crafto-icon-box\" data-id=\"295c1f9\" data-element_type=\"widget\" data-e-type=\"widget\" data-widget_type=\"crafto-icon-box.default\">\n\t\t\t\t<div class=\"elementor-widget-container\">\n\t\t\t\t\t\t\t\t<div class=\"elementor-icon-box-wrapper crafto-icon-box-wrapper\">\n\t\t\t\t\t\t\t\t\t<div class=\"elementor-icon-box-icon \">\n\t\t\t\t\t\t\t\t\t\t<span class=\"elementor-icon elementor-animation-\" >\n\t\t\t\t<i aria-hidden=\"true\" class=\"fa-solid fa-heart\"><\/i>\t\t\t\t<\/span>\n\t\t\t\t\t\t\t\t\t<\/div>\n\t\t\t\t\t\t\t\t\t<div class=\"elementor-icon-box-content\">\n\t\t\t\t\t\t\t\t\t\t\t<span class=\"elementor-icon-box-title\">\n\t\t\t\t\t\t\t<span >\n\t\t\t\t\t\t\tLo sapevi?\t\t\t\t\t\t\t<\/span>\n\t\t\t\t\t\t<\/span>\n\t\t\t\t\t\t\t\t\t\t<\/div>\n\t\t\t<\/div>\n\t\t\t\t\t\t\t<\/div>\n\t\t\t\t<\/div>\n\t\t\t\t<div class=\"elementor-element elementor-element-75802a0 elementor-widget elementor-widget-crafto-heading\" data-id=\"75802a0\" data-element_type=\"widget\" data-e-type=\"widget\" data-widget_type=\"crafto-heading.default\">\n\t\t\t\t<div class=\"elementor-widget-container\">\n\t\t\t\t\t<h5 class=\"crafto-heading\"><span class=\"crafto-primary-title\">Aggiorniamo i tassi d'interesse ipotecari pi\u00f9 volte al giorno. <br>Molti fornitori non offrono ipoteche a 1 anno perch\u00e9 sono poco redditizie a causa della breve durata.<\/span><\/h5>\t\t\t\t<\/div>\n\t\t\t\t<\/div>\n\t\t\t\t<div class=\"elementor-element elementor-element-97b7f59 elementor-widget elementor-widget-crafto-heading\" data-id=\"97b7f59\" data-element_type=\"widget\" data-e-type=\"widget\" data-widget_type=\"crafto-heading.default\">\n\t\t\t\t<div class=\"elementor-widget-container\">\n\t\t\t\t\t<div class=\"crafto-heading no-shadow-animation\"><span class=\"crafto-primary-title\">Nexano.ch - <span class=\"separator\"> Confronta tutto.<\/span><\/span><\/div>\t\t\t\t<\/div>\n\t\t\t\t<\/div>\n\t\t\t\t<\/div>\n\t\t\t\t<div class=\"elementor-element elementor-element-643b890 elementor-absolute elementor-widget elementor-widget-crafto-image\" data-id=\"643b890\" data-element_type=\"widget\" data-e-type=\"widget\" data-settings=\"{&quot;_position&quot;:&quot;absolute&quot;}\" data-widget_type=\"crafto-image.default\">\n\t\t\t\t<div class=\"elementor-widget-container\">\n\t\t\t\t\t\t\t\t<div class=\"crafto-image-wrapper\">\n\t\t\t\t\t\t\t\t<div class=\"image-box\">\n\t\t\t\t\t<div class=\"image-wrapper\">\n\t\t\t\t\t\t<img decoding=\"async\" width=\"96\" height=\"70\" src=\"https:\/\/www.nexano.ch\/wp-content\/uploads\/2026\/01\/demo-web-agency-people-06.png\" class=\"elementor-animation-\" alt=\"demo-web-agency-people-06.png\" \/>\t\t\t\t\t<\/div>\n\t\t\t\t<\/div>\n\t\t\t\t\t\t\t<\/div>\n\t\t\t\t\t\t\t<\/div>\n\t\t\t\t<\/div>\n\t\t\t\t<\/div>\n\t\t\t\t\t<\/div>\n\t\t\t\t<\/div>\n\t\t<div class=\" elementor-element elementor-element-215de06 e-flex e-con-boxed section-light e-con e-parent\" data-id=\"215de06\" data-element_type=\"container\" data-e-type=\"container\">\n\t\t\t\t\t<div class=\"e-con-inner\">\n\t\t<div class=\"entrance-animation  elementor-element elementor-element-79d4e0c e-con-full e-flex section-light e-con e-child\" data-anime=\"{&quot;duration&quot;:600,&quot;staggervalue&quot;:300,&quot;easing&quot;:&quot;easeOutQuad&quot;,&quot;targets&quot;:&quot;.elementor-element-79d4e0c.entrance-animation&gt; .e-child,.elementor-element-79d4e0c.entrance-animation&gt; .e-con-inner &gt; .e-con-full.e-child,.elementor-element-79d4e0c.entrance-animation&gt; .elementor-widget,.elementor-element-79d4e0c.entrance-animation&gt; .e-con-inner &gt; .elementor-widget&quot;,&quot;opacity&quot;:[0,1],&quot;translateY&quot;:[50,0]}\" data-id=\"79d4e0c\" data-element_type=\"container\" data-e-type=\"container\">\n\t\t\t\t<div class=\"elementor-element elementor-element-d808510 elementor-widget elementor-widget-crafto-heading\" data-id=\"d808510\" data-element_type=\"widget\" data-e-type=\"widget\" data-widget_type=\"crafto-heading.default\">\n\t\t\t\t<div class=\"elementor-widget-container\">\n\t\t\t\t\t<h2 class=\"crafto-heading\"><span class=\"crafto-primary-title\">Altri confronti<\/span><\/h2>\t\t\t\t<\/div>\n\t\t\t\t<\/div>\n\t\t\t\t<\/div>\n\t\t<div class=\"entrance-animation  elementor-element elementor-element-96bb206 e-con-full e-flex section-light e-con e-child\" data-anime=\"{&quot;duration&quot;:600,&quot;staggervalue&quot;:300,&quot;easing&quot;:&quot;easeOutQuad&quot;,&quot;targets&quot;:&quot;.elementor-element-96bb206.entrance-animation&gt; .e-child,.elementor-element-96bb206.entrance-animation&gt; .e-con-inner &gt; .e-con-full.e-child,.elementor-element-96bb206.entrance-animation&gt; .elementor-widget,.elementor-element-96bb206.entrance-animation&gt; .e-con-inner &gt; .elementor-widget&quot;,&quot;opacity&quot;:[0,1],&quot;perspective&quot;:[1200,1200],&quot;rotateX&quot;:[50,0],&quot;scale&quot;:[1.100000000000000088817841970012523233890533447265625,1]}\" data-id=\"96bb206\" data-element_type=\"container\" data-e-type=\"container\">\n\t\t<div class=\" elementor-element elementor-element-7a4c0a6 e-con-full e-flex section-light e-con e-child\" data-id=\"7a4c0a6\" data-element_type=\"container\" data-e-type=\"container\">\n\t\t\t\t<div class=\"elementor-element elementor-element-beff18a elementor-position-left e-transform elementor-view-default elementor-widget elementor-widget-crafto-content-block\" data-id=\"beff18a\" data-element_type=\"widget\" data-e-type=\"widget\" data-settings=\"{&quot;crafto_content_block_style&quot;:&quot;block-style-2&quot;,&quot;_transform_translateY_effect_hover&quot;:{&quot;unit&quot;:&quot;px&quot;,&quot;size&quot;:-3,&quot;sizes&quot;:[]},&quot;_transform_translateX_effect_hover&quot;:{&quot;unit&quot;:&quot;px&quot;,&quot;size&quot;:&quot;&quot;,&quot;sizes&quot;:[]},&quot;_transform_translateX_effect_hover_laptop&quot;:{&quot;unit&quot;:&quot;px&quot;,&quot;size&quot;:&quot;&quot;,&quot;sizes&quot;:[]},&quot;_transform_translateX_effect_hover_tablet_extra&quot;:{&quot;unit&quot;:&quot;px&quot;,&quot;size&quot;:&quot;&quot;,&quot;sizes&quot;:[]},&quot;_transform_translateX_effect_hover_tablet&quot;:{&quot;unit&quot;:&quot;px&quot;,&quot;size&quot;:&quot;&quot;,&quot;sizes&quot;:[]},&quot;_transform_translateX_effect_hover_mobile_extra&quot;:{&quot;unit&quot;:&quot;px&quot;,&quot;size&quot;:&quot;&quot;,&quot;sizes&quot;:[]},&quot;_transform_translateX_effect_hover_mobile&quot;:{&quot;unit&quot;:&quot;px&quot;,&quot;size&quot;:&quot;&quot;,&quot;sizes&quot;:[]},&quot;_transform_translateY_effect_hover_laptop&quot;:{&quot;unit&quot;:&quot;px&quot;,&quot;size&quot;:&quot;&quot;,&quot;sizes&quot;:[]},&quot;_transform_translateY_effect_hover_tablet_extra&quot;:{&quot;unit&quot;:&quot;px&quot;,&quot;size&quot;:&quot;&quot;,&quot;sizes&quot;:[]},&quot;_transform_translateY_effect_hover_tablet&quot;:{&quot;unit&quot;:&quot;px&quot;,&quot;size&quot;:&quot;&quot;,&quot;sizes&quot;:[]},&quot;_transform_translateY_effect_hover_mobile_extra&quot;:{&quot;unit&quot;:&quot;px&quot;,&quot;size&quot;:&quot;&quot;,&quot;sizes&quot;:[]},&quot;_transform_translateY_effect_hover_mobile&quot;:{&quot;unit&quot;:&quot;px&quot;,&quot;size&quot;:&quot;&quot;,&quot;sizes&quot;:[]}}\" data-widget_type=\"crafto-content-block.default\">\n\t\t\t\t<div class=\"elementor-widget-container\">\n\t\t\t\t\t\t\t\t<div class=\"content-block content-block-style-2\">\n\t\t\t\t\t\t\t\t<div class=\"elementor-icon\">\n\t\t\t\t\t<i aria-hidden=\"true\" class=\"fas fa-house-user\"><\/i>\t\t\t\t<\/div>\n\t\t\t\t\t\t\t\t\t\t<div class=\"content-wrap\">\n\t\t\t\t\t\t\t\t\t\t\t<div\t\t\t\tclass=\"title\">\n\t\t\t\t\t\t\t\t\t<a href=\"https:\/\/www.nexano.ch\/it\/confronto-mutui-saron\/\" class=\"title-link\">\n\t\t\t\t\t\tMutui Saron\t\t\t\t\t<\/a>\n\t\t\t\t\t\t\t\t\t<\/div>\n\t\t\t\t\t\t\t\t<div class=\"content\">\n\t\t\t\t\t<p>Confronta le condizioni e i tassi per i mutui SARON presso oltre 70 fornitori di mutui in Svizzera.<\/p>\t\t\t\t<\/div>\n\t\t\t\t\t\t\t\t\t\t<\/div>\n\t\t\t\t\t\t\t\t\t<\/div>\n\t\t\t\t\t\t\t<\/div>\n\t\t\t\t<\/div>\n\t\t\t\t<\/div>\n\t\t<div class=\" elementor-element elementor-element-3026a5e e-con-full e-flex section-light e-con e-child\" data-id=\"3026a5e\" data-element_type=\"container\" data-e-type=\"container\">\n\t\t\t\t<div class=\"elementor-element elementor-element-b530747 elementor-position-left e-transform elementor-view-default elementor-widget elementor-widget-crafto-content-block\" data-id=\"b530747\" data-element_type=\"widget\" data-e-type=\"widget\" data-settings=\"{&quot;crafto_content_block_style&quot;:&quot;block-style-2&quot;,&quot;_transform_translateY_effect_hover&quot;:{&quot;unit&quot;:&quot;px&quot;,&quot;size&quot;:-3,&quot;sizes&quot;:[]},&quot;_transform_translateX_effect_hover&quot;:{&quot;unit&quot;:&quot;px&quot;,&quot;size&quot;:&quot;&quot;,&quot;sizes&quot;:[]},&quot;_transform_translateX_effect_hover_laptop&quot;:{&quot;unit&quot;:&quot;px&quot;,&quot;size&quot;:&quot;&quot;,&quot;sizes&quot;:[]},&quot;_transform_translateX_effect_hover_tablet_extra&quot;:{&quot;unit&quot;:&quot;px&quot;,&quot;size&quot;:&quot;&quot;,&quot;sizes&quot;:[]},&quot;_transform_translateX_effect_hover_tablet&quot;:{&quot;unit&quot;:&quot;px&quot;,&quot;size&quot;:&quot;&quot;,&quot;sizes&quot;:[]},&quot;_transform_translateX_effect_hover_mobile_extra&quot;:{&quot;unit&quot;:&quot;px&quot;,&quot;size&quot;:&quot;&quot;,&quot;sizes&quot;:[]},&quot;_transform_translateX_effect_hover_mobile&quot;:{&quot;unit&quot;:&quot;px&quot;,&quot;size&quot;:&quot;&quot;,&quot;sizes&quot;:[]},&quot;_transform_translateY_effect_hover_laptop&quot;:{&quot;unit&quot;:&quot;px&quot;,&quot;size&quot;:&quot;&quot;,&quot;sizes&quot;:[]},&quot;_transform_translateY_effect_hover_tablet_extra&quot;:{&quot;unit&quot;:&quot;px&quot;,&quot;size&quot;:&quot;&quot;,&quot;sizes&quot;:[]},&quot;_transform_translateY_effect_hover_tablet&quot;:{&quot;unit&quot;:&quot;px&quot;,&quot;size&quot;:&quot;&quot;,&quot;sizes&quot;:[]},&quot;_transform_translateY_effect_hover_mobile_extra&quot;:{&quot;unit&quot;:&quot;px&quot;,&quot;size&quot;:&quot;&quot;,&quot;sizes&quot;:[]},&quot;_transform_translateY_effect_hover_mobile&quot;:{&quot;unit&quot;:&quot;px&quot;,&quot;size&quot;:&quot;&quot;,&quot;sizes&quot;:[]}}\" data-widget_type=\"crafto-content-block.default\">\n\t\t\t\t<div class=\"elementor-widget-container\">\n\t\t\t\t\t\t\t\t<div class=\"content-block content-block-style-2\">\n\t\t\t\t\t\t\t\t<div class=\"elementor-icon\">\n\t\t\t\t\t<i aria-hidden=\"true\" class=\"fas fa-house-user\"><\/i>\t\t\t\t<\/div>\n\t\t\t\t\t\t\t\t\t\t<div class=\"content-wrap\">\n\t\t\t\t\t\t\t\t\t\t\t<div\t\t\t\tclass=\"title\">\n\t\t\t\t\t\t\t\t\t<a href=\"https:\/\/www.nexano.ch\/it\/confronto-mutui-mutui-a-tasso-fisso-10-anni\/\" class=\"title-link\">\n\t\t\t\t\t\tMutui a tasso fisso 10 anni\t\t\t\t\t<\/a>\n\t\t\t\t\t\t\t\t\t<\/div>\n\t\t\t\t\t\t\t\t<div class=\"content\">\n\t\t\t\t\t<p>Confronta i tassi per i mutui a tasso fisso con durata di 10 anni presso oltre 70 fornitori di mutui in Svizzera.<\/p>\t\t\t\t<\/div>\n\t\t\t\t\t\t\t\t\t\t<\/div>\n\t\t\t\t\t\t\t\t\t<\/div>\n\t\t\t\t\t\t\t<\/div>\n\t\t\t\t<\/div>\n\t\t\t\t<\/div>\n\t\t\t\t<\/div>\n\t\t\t\t\t<\/div>\n\t\t\t\t<\/div>\n\t\t\t\t<\/div>\n\t\t","protected":false},"excerpt":{"rendered":"<p>Trova i migliori tassi ipotecari Mutui a tasso fisso 1 anno Confronta i tassi d&#8217;interesse ipotecari attuali dei fornitori pi\u00f9 popolari in Svizzera. Lo sapevi? Aggiorniamo i tassi d&#8217;interesse ipotecari pi\u00f9 volte al giorno. Molti fornitori non offrono ipoteche a 1 anno perch\u00e9 sono poco redditizie a causa della breve durata. Nexano.ch &#8211; Confronta tutto. [&hellip;]<\/p>\n","protected":false},"author":1,"featured_media":0,"parent":0,"menu_order":0,"comment_status":"closed","ping_status":"closed","template":"","meta":{"footnotes":""},"class_list":["post-8640","page","type-page","status-publish","hentry"],"_links":{"self":[{"href":"https:\/\/www.nexano.ch\/it\/wp-json\/wp\/v2\/pages\/8640","targetHints":{"allow":["GET"]}}],"collection":[{"href":"https:\/\/www.nexano.ch\/it\/wp-json\/wp\/v2\/pages"}],"about":[{"href":"https:\/\/www.nexano.ch\/it\/wp-json\/wp\/v2\/types\/page"}],"author":[{"embeddable":true,"href":"https:\/\/www.nexano.ch\/it\/wp-json\/wp\/v2\/users\/1"}],"replies":[{"embeddable":true,"href":"https:\/\/www.nexano.ch\/it\/wp-json\/wp\/v2\/comments?post=8640"}],"version-history":[{"count":3,"href":"https:\/\/www.nexano.ch\/it\/wp-json\/wp\/v2\/pages\/8640\/revisions"}],"predecessor-version":[{"id":9224,"href":"https:\/\/www.nexano.ch\/it\/wp-json\/wp\/v2\/pages\/8640\/revisions\/9224"}],"wp:attachment":[{"href":"https:\/\/www.nexano.ch\/it\/wp-json\/wp\/v2\/media?parent=8640"}],"curies":[{"name":"wp","href":"https:\/\/api.w.org\/{rel}","templated":true}]}}